{"id":4943,"date":"2023-12-18T17:21:43","date_gmt":"2023-12-18T17:21:43","guid":{"rendered":"https:\/\/payetvacances.com\/demande-de-reservation\/"},"modified":"2023-12-18T17:21:45","modified_gmt":"2023-12-18T17:21:45","slug":"demande-de-reservation","status":"publish","type":"page","link":"https:\/\/payetvacances.com\/fr\/demande-de-reservation\/","title":{"rendered":"Demande de r\u00e9servation"},"content":{"rendered":"\t\t<div data-elementor-type=\"wp-page\" data-elementor-id=\"4943\" class=\"elementor elementor-4943 elementor-746\" data-elementor-post-type=\"page\">\n\t\t\t\t\t\t<section class=\"elementor-section elementor-top-section elementor-element elementor-element-afad777 elementor-section-boxed elementor-section-height-default elementor-section-height-default\" data-id=\"afad777\" data-element_type=\"section\" data-e-type=\"section\" data-settings=\"{&quot;background_background&quot;:&quot;classic&quot;}\">\n\t\t\t\t\t\t<div class=\"elementor-container elementor-column-gap-default\">\n\t\t\t\t\t<div class=\"elementor-column elementor-col-100 elementor-top-column elementor-element elementor-element-6eb0f3c\" data-id=\"6eb0f3c\" data-element_type=\"column\" data-e-type=\"column\" data-settings=\"{&quot;background_background&quot;:&quot;classic&quot;}\">\n\t\t\t<div class=\"elementor-widget-wrap elementor-element-populated\">\n\t\t\t\t\t\t<div class=\"elementor-element elementor-element-25613e9 elementor-widget elementor-widget-heading\" data-id=\"25613e9\" data-element_type=\"widget\" data-e-type=\"widget\" data-widget_type=\"heading.default\">\n\t\t\t\t<div class=\"elementor-widget-container\">\n\t\t\t\t\t<p class=\"elementor-heading-title elementor-size-default\">DEMANDE DE R\u00c9SERVATION DE LOCATION TOURISTIQUE<\/p>\t\t\t\t<\/div>\n\t\t\t\t<\/div>\n\t\t\t\t<div class=\"elementor-element elementor-element-89d60bb elementor-widget elementor-widget-heading\" data-id=\"89d60bb\" data-element_type=\"widget\" data-e-type=\"widget\" data-widget_type=\"heading.default\">\n\t\t\t\t<div class=\"elementor-widget-container\">\n\t\t\t\t\t<p class=\"elementor-heading-title elementor-size-default\">* SOUS R\u00c9SERVE DE DISPONIBILIT\u00c9. LES R\u00c9SERVATIONS NE SONT VALABLES QU'APR\u00c8S CONFIRMATION DE L'AGENCE.<\/p>\t\t\t\t<\/div>\n\t\t\t\t<\/div>\n\t\t\t\t<div class=\"elementor-element elementor-element-ca0b3ed elementor-button-align-start elementor-widget elementor-widget-form\" data-id=\"ca0b3ed\" data-element_type=\"widget\" data-e-type=\"widget\" data-settings=\"{&quot;step_next_label&quot;:&quot;Next&quot;,&quot;step_previous_label&quot;:&quot;Previous&quot;,&quot;button_width&quot;:&quot;100&quot;,&quot;step_type&quot;:&quot;number_text&quot;,&quot;step_icon_shape&quot;:&quot;circle&quot;}\" data-widget_type=\"form.default\">\n\t\t\t\t<div class=\"elementor-widget-container\">\n\t\t\t\t\t\t\t<form class=\"elementor-form\" method=\"post\" name=\"New Form\" aria-label=\"New Form\">\n\t\t\t<input type=\"hidden\" name=\"post_id\" value=\"4943\"\/>\n\t\t\t<input type=\"hidden\" name=\"form_id\" value=\"ca0b3ed\"\/>\n\t\t\t<input type=\"hidden\" name=\"referer_title\" value=\"Payet Vacances\" \/>\n\n\t\t\t\n\t\t\t<div class=\"elementor-form-fields-wrapper elementor-labels-\">\n\t\t\t\t\t\t\t\t<div class=\"elementor-field-type-text elementor-field-group elementor-column elementor-field-group-name elementor-col-100 elementor-field-required\">\n\t\t\t\t\t\t\t\t\t\t\t\t<label for=\"form-field-name\" class=\"elementor-field-label elementor-screen-only\">\n\t\t\t\t\t\t\t\tNom\t\t\t\t\t\t\t<\/label>\n\t\t\t\t\t\t\t\t\t\t\t\t\t\t<input size=\"1\" type=\"text\" name=\"form_fields[name]\" id=\"form-field-name\" class=\"elementor-field elementor-size-sm  elementor-field-textual\" placeholder=\"Nom*\" required=\"required\">\n\t\t\t\t\t\t\t\t\t\t\t<\/div>\n\t\t\t\t\t\t\t\t<div class=\"elementor-field-type-text elementor-field-group elementor-column elementor-field-group-cognoms elementor-col-100\">\n\t\t\t\t\t\t\t\t\t\t\t\t<label for=\"form-field-cognoms\" class=\"elementor-field-label elementor-screen-only\">\n\t\t\t\t\t\t\t\tnoms de famille\t\t\t\t\t\t\t<\/label>\n\t\t\t\t\t\t\t\t\t\t\t\t\t\t<input size=\"1\" type=\"text\" name=\"form_fields[cognoms]\" id=\"form-field-cognoms\" class=\"elementor-field elementor-size-sm  elementor-field-textual\" placeholder=\"noms de famille\">\n\t\t\t\t\t\t\t\t\t\t\t<\/div>\n\t\t\t\t\t\t\t\t<div class=\"elementor-field-type-email elementor-field-group elementor-column elementor-field-group-email elementor-col-100 elementor-field-required\">\n\t\t\t\t\t\t\t\t\t\t\t\t<label for=\"form-field-email\" class=\"elementor-field-label elementor-screen-only\">\n\t\t\t\t\t\t\t\tEmail*\t\t\t\t\t\t\t<\/label>\n\t\t\t\t\t\t\t\t\t\t\t\t\t\t<input size=\"1\" type=\"email\" name=\"form_fields[email]\" id=\"form-field-email\" class=\"elementor-field elementor-size-sm  elementor-field-textual\" placeholder=\"courrier \u00e9lectronique\" required=\"required\">\n\t\t\t\t\t\t\t\t\t\t\t<\/div>\n\t\t\t\t\t\t\t\t<div class=\"elementor-field-type-tel elementor-field-group elementor-column elementor-field-group-telefon elementor-col-100\">\n\t\t\t\t\t\t\t\t\t\t\t\t<label for=\"form-field-telefon\" class=\"elementor-field-label elementor-screen-only\">\n\t\t\t\t\t\t\t\tt\u00e9l\u00e9phone\t\t\t\t\t\t\t<\/label>\n\t\t\t\t\t\t\t\t<input size=\"1\" type=\"tel\" name=\"form_fields[telefon]\" id=\"form-field-telefon\" class=\"elementor-field elementor-size-sm  elementor-field-textual\" placeholder=\"t\u00e9l\u00e9phone\" pattern=\"[0-9()#&amp;+*-=.]+\" title=\"Seuls les caract\u00e8res de num\u00e9ros de t\u00e9l\u00e9phone (#, -, *, etc.) sont accept\u00e9s.\">\n\n\t\t\t\t\t\t<\/div>\n\t\t\t\t\t\t\t\t<div class=\"elementor-field-type-tel elementor-field-group elementor-column elementor-field-group-direccio elementor-col-100\">\n\t\t\t\t\t\t\t\t\t\t\t\t<label for=\"form-field-direccio\" class=\"elementor-field-label elementor-screen-only\">\n\t\t\t\t\t\t\t\tAdresse\t\t\t\t\t\t\t<\/label>\n\t\t\t\t\t\t\t\t<input size=\"1\" type=\"tel\" name=\"form_fields[direccio]\" id=\"form-field-direccio\" class=\"elementor-field elementor-size-sm  elementor-field-textual\" placeholder=\"Adresse\" pattern=\"[0-9()#&amp;+*-=.]+\" title=\"Seuls les caract\u00e8res de num\u00e9ros de t\u00e9l\u00e9phone (#, -, *, etc.) sont accept\u00e9s.\">\n\n\t\t\t\t\t\t<\/div>\n\t\t\t\t\t\t\t\t<div class=\"elementor-field-type-tel elementor-field-group elementor-column elementor-field-group-poblacio elementor-col-50\">\n\t\t\t\t\t\t\t\t\t\t\t\t<label for=\"form-field-poblacio\" class=\"elementor-field-label elementor-screen-only\">\n\t\t\t\t\t\t\t\tVillage\t\t\t\t\t\t\t<\/label>\n\t\t\t\t\t\t\t\t<input size=\"1\" type=\"tel\" name=\"form_fields[poblacio]\" id=\"form-field-poblacio\" class=\"elementor-field elementor-size-sm  elementor-field-textual\" placeholder=\"Village\" pattern=\"[0-9()#&amp;+*-=.]+\" title=\"Seuls les caract\u00e8res de num\u00e9ros de t\u00e9l\u00e9phone (#, -, *, etc.) sont accept\u00e9s.\">\n\n\t\t\t\t\t\t<\/div>\n\t\t\t\t\t\t\t\t<div class=\"elementor-field-type-tel elementor-field-group elementor-column elementor-field-group-codipostal elementor-col-50\">\n\t\t\t\t\t\t\t\t\t\t\t\t<label for=\"form-field-codipostal\" class=\"elementor-field-label elementor-screen-only\">\n\t\t\t\t\t\t\t\tCode postal\t\t\t\t\t\t\t<\/label>\n\t\t\t\t\t\t\t\t<input size=\"1\" type=\"tel\" name=\"form_fields[codipostal]\" id=\"form-field-codipostal\" class=\"elementor-field elementor-size-sm  elementor-field-textual\" placeholder=\"Code postal\" pattern=\"[0-9()#&amp;+*-=.]+\" title=\"Seuls les caract\u00e8res de num\u00e9ros de t\u00e9l\u00e9phone (#, -, *, etc.) sont accept\u00e9s.\">\n\n\t\t\t\t\t\t<\/div>\n\t\t\t\t\t\t\t\t<div class=\"elementor-field-type-select elementor-field-group elementor-column elementor-field-group-persones elementor-col-25 elementor-field-required\">\n\t\t\t\t\t\t\t\t\t\t\t\t<label for=\"form-field-persones\" class=\"elementor-field-label elementor-screen-only\">\n\t\t\t\t\t\t\t\tPersonnes\t\t\t\t\t\t\t<\/label>\n\t\t\t\t\t\t\t\t<div class=\"elementor-field elementor-select-wrapper remove-before \">\n\t\t\t<div class=\"select-caret-down-wrapper\">\n\t\t\t\t<i aria-hidden=\"true\" class=\"eicon-caret-down\"><\/i>\t\t\t<\/div>\n\t\t\t<select name=\"form_fields[persones]\" id=\"form-field-persones\" class=\"elementor-field-textual elementor-size-sm\" required=\"required\">\n\t\t\t\t\t\t\t\t\t<option value=\"\">Personnes<\/option>\n\t\t\t\t\t\t\t\t\t<option value=\"1\">1<\/option>\n\t\t\t\t\t\t\t\t\t<option value=\"2\">2<\/option>\n\t\t\t\t\t\t\t\t\t<option value=\"3\">3<\/option>\n\t\t\t\t\t\t\t\t\t<option value=\"4\">4<\/option>\n\t\t\t\t\t\t\t\t\t<option value=\"5\">5<\/option>\n\t\t\t\t\t\t\t\t\t<option value=\"6\">6<\/option>\n\t\t\t\t\t\t\t\t\t<option value=\"7\">7<\/option>\n\t\t\t\t\t\t\t\t\t<option value=\"8\">8<\/option>\n\t\t\t\t\t\t\t\t\t<option value=\"\"><\/option>\n\t\t\t\t\t\t\t<\/select>\n\t\t<\/div>\n\t\t\t\t\t\t<\/div>\n\t\t\t\t\t\t\t\t<div class=\"elementor-field-type-date elementor-field-group elementor-column elementor-field-group-calendari elementor-col-25 elementor-field-required\">\n\t\t\t\t\t\t\t\t\t\t\t\t<label for=\"form-field-calendari\" class=\"elementor-field-label elementor-screen-only\">\n\t\t\t\t\t\t\t\tCalendrier\t\t\t\t\t\t\t<\/label>\n\t\t\t\t\t\t\n\t\t<input type=\"date\" name=\"form_fields[calendari]\" id=\"form-field-calendari\" class=\"elementor-field elementor-size-sm  elementor-field-textual elementor-date-field\" placeholder=\"Calendrier\" required=\"required\" pattern=\"[0-9]{4}-[0-9]{2}-[0-9]{2}\">\n\t\t\t\t\t\t<\/div>\n\t\t\t\t\t\t\t\t<div class=\"elementor-field-type-html elementor-field-group elementor-column elementor-field-group-field_6365366 elementor-col-100\">\n\t\t\t\t\t<break><\/break>\t\t\t\t<\/div>\n\t\t\t\t\t\t\t\t<div class=\"elementor-field-type-select elementor-field-group elementor-column elementor-field-group-field_7c31874 elementor-col-25 elementor-field-required\">\n\t\t\t\t\t\t\t\t\t\t\t\t<label for=\"form-field-field_7c31874\" class=\"elementor-field-label elementor-screen-only\">\n\t\t\t\t\t\t\t\tChambres\t\t\t\t\t\t\t<\/label>\n\t\t\t\t\t\t\t\t<div class=\"elementor-field elementor-select-wrapper remove-before \">\n\t\t\t<div class=\"select-caret-down-wrapper\">\n\t\t\t\t<i aria-hidden=\"true\" class=\"eicon-caret-down\"><\/i>\t\t\t<\/div>\n\t\t\t<select name=\"form_fields[field_7c31874]\" id=\"form-field-field_7c31874\" class=\"elementor-field-textual elementor-size-sm\" required=\"required\">\n\t\t\t\t\t\t\t\t\t<option value=\"Chambres\">Chambres<\/option>\n\t\t\t\t\t\t\t\t\t<option value=\"1\">1<\/option>\n\t\t\t\t\t\t\t\t\t<option value=\"2\">2<\/option>\n\t\t\t\t\t\t\t\t\t<option value=\"3\">3<\/option>\n\t\t\t\t\t\t\t\t\t<option value=\"4\">4<\/option>\n\t\t\t\t\t\t\t\t\t<option value=\"5\">5<\/option>\n\t\t\t\t\t\t\t<\/select>\n\t\t<\/div>\n\t\t\t\t\t\t<\/div>\n\t\t\t\t\t\t\t\t<div class=\"elementor-field-type-checkbox elementor-field-group elementor-column elementor-field-group-casaapartament elementor-col-25\">\n\t\t\t\t\t\t\t\t\t\t\t\t<label for=\"form-field-casaapartament\" class=\"elementor-field-label elementor-screen-only\">\n\t\t\t\t\t\t\t\tMaisonAppartement\t\t\t\t\t\t\t<\/label>\n\t\t\t\t\t\t<div class=\"elementor-field-subgroup  elementor-subgroup-inline\"><span class=\"elementor-field-option\"><input type=\"checkbox\" value=\"Maison\" id=\"form-field-casaapartament-0\" name=\"form_fields[casaapartament][]\"> <label for=\"form-field-casaapartament-0\">Maison<\/label><\/span><span class=\"elementor-field-option\"><input type=\"checkbox\" value=\"Appartament\" id=\"form-field-casaapartament-1\" name=\"form_fields[casaapartament][]\"> <label for=\"form-field-casaapartament-1\">Appartament<\/label><\/span><\/div>\t\t\t\t<\/div>\n\t\t\t\t\t\t\t\t<div class=\"elementor-field-type-html elementor-field-group elementor-column elementor-field-group-field_c1d4bd7 elementor-col-100\">\n\t\t\t\t\tLes champs suivants ont un <b>suppl\u00e9ment \u00e9conomique<\/b>.\t\t\t\t<\/div>\n\t\t\t\t\t\t\t\t<div class=\"elementor-field-type-checkbox elementor-field-group elementor-column elementor-field-group-field_4536c37 elementor-col-100\">\n\t\t\t\t\t\t\t\t\t\t\t\t<label for=\"form-field-field_4536c37\" class=\"elementor-field-label elementor-screen-only\">\n\t\t\t\t\t\t\t\tBerceau\t\t\t\t\t\t\t<\/label>\n\t\t\t\t\t\t<div class=\"elementor-field-subgroup  elementor-subgroup-inline\"><span class=\"elementor-field-option\"><input type=\"checkbox\" value=\"Berceau\" id=\"form-field-field_4536c37-0\" name=\"form_fields[field_4536c37][]\"> <label for=\"form-field-field_4536c37-0\">Berceau<\/label><\/span><span class=\"elementor-field-option\"><input type=\"checkbox\" value=\"Climatisation - Chauffage\" id=\"form-field-field_4536c37-1\" name=\"form_fields[field_4536c37][]\"> <label for=\"form-field-field_4536c37-1\">Climatisation - Chauffage<\/label><\/span><span class=\"elementor-field-option\"><input type=\"checkbox\" value=\"M\u00e9nage final\" id=\"form-field-field_4536c37-2\" name=\"form_fields[field_4536c37][]\"> <label for=\"form-field-field_4536c37-2\">M\u00e9nage final<\/label><\/span><span class=\"elementor-field-option\"><input type=\"checkbox\" value=\"Serviettes de bain\" id=\"form-field-field_4536c37-3\" name=\"form_fields[field_4536c37][]\"> <label for=\"form-field-field_4536c37-3\">Serviettes de bain<\/label><\/span><span class=\"elementor-field-option\"><input type=\"checkbox\" value=\"Animal de compagnie\" id=\"form-field-field_4536c37-4\" name=\"form_fields[field_4536c37][]\"> <label for=\"form-field-field_4536c37-4\">Animal de compagnie<\/label><\/span><\/div>\t\t\t\t<\/div>\n\t\t\t\t\t\t\t\t<div class=\"elementor-field-type-html elementor-field-group elementor-column elementor-field-group-field_9e2f17c elementor-col-100\">\n\t\t\t\t\tVeuillez pr\u00e9ciser dans la section \"Remarques\" toute demande particuli\u00e8re (probl\u00e8mes de mobilit\u00e9, personnes \u00e2g\u00e9es, animaux de compagnie, lit pour b\u00e9b\u00e9, etc.)\t\t\t\t<\/div>\n\t\t\t\t\t\t\t\t<div class=\"elementor-field-type-textarea elementor-field-group elementor-column elementor-field-group-message elementor-col-100\">\n\t\t\t\t\t\t\t\t\t\t\t\t<label for=\"form-field-message\" class=\"elementor-field-label elementor-screen-only\">\n\t\t\t\t\t\t\t\tMessage\t\t\t\t\t\t\t<\/label>\n\t\t\t\t\t\t<textarea class=\"elementor-field-textual elementor-field  elementor-size-sm\" name=\"form_fields[message]\" id=\"form-field-message\" rows=\"4\" placeholder=\"Remarques\"><\/textarea>\t\t\t\t<\/div>\n\t\t\t\t\t\t\t\t<div class=\"elementor-field-type-acceptance elementor-field-group elementor-column elementor-field-group-field_b4f8d5d elementor-col-100\">\n\t\t\t\t\t\t\t\t\t\t\t\t<label for=\"form-field-field_b4f8d5d\" class=\"elementor-field-label elementor-screen-only\">\n\t\t\t\t\t\t\t\tPolitique\t\t\t\t\t\t\t<\/label>\n\t\t\t\t\t\t\t\t<div class=\"elementor-field-subgroup\">\n\t\t\t<span class=\"elementor-field-option\">\n\t\t\t\t<input type=\"checkbox\" name=\"form_fields[field_b4f8d5d]\" id=\"form-field-field_b4f8d5d\" class=\"elementor-field elementor-size-sm  elementor-acceptance-field\">\n\t\t\t\t<label for=\"form-field-field_b4f8d5d\">J'ai lu et j'accepte la <a href=\"https:\/\/payetvacances.com\/fr\/politique-de-confidentialite\/\" rel=\"nofollow noreferrer noopener\" target=\"_blank\" style=\"colour:#000 ;\">politique de confidentialit\u00e9<\/a>.<\/label>\t\t\t<\/span>\n\t\t<\/div>\n\t\t\t\t\t\t<\/div>\n\t\t\t\t\t\t\t\t<div class=\"elementor-field-type-recaptcha_v3 elementor-field-group elementor-column elementor-field-group-field_a9fd251 elementor-col-100 recaptcha_v3-bottomright\">\n\t\t\t\t\t<div class=\"elementor-field\" id=\"form-field-field_a9fd251\"><div class=\"elementor-g-recaptcha\" data-sitekey=\"6LfPGQopAAAAALKoVR00nZLCyHanzkZOHyRT4kSm\" data-type=\"v3\" data-action=\"Form\" data-badge=\"bottomright\" data-size=\"invisible\"><\/div><\/div>\t\t\t\t<\/div>\n\t\t\t\t\t\t\t\t<div class=\"elementor-field-group elementor-column elementor-field-type-submit elementor-col-100 e-form__buttons\">\n\t\t\t\t\t<button class=\"elementor-button elementor-size-md\" type=\"submit\">\n\t\t\t\t\t\t<span class=\"elementor-button-content-wrapper\">\n\t\t\t\t\t\t\t\t\t\t\t\t\t\t\t\t\t\t\t\t\t\t<span class=\"elementor-button-text\">Envoyer<\/span>\n\t\t\t\t\t\t\t\t\t\t\t\t\t<\/span>\n\t\t\t\t\t<\/button>\n\t\t\t\t<\/div>\n\t\t\t<\/div>\n\t\t<\/form>\n\t\t\t\t\t\t<\/div>\n\t\t\t\t<\/div>\n\t\t\t\t<div class=\"elementor-element elementor-element-570fd1a elementor-widget elementor-widget-heading\" data-id=\"570fd1a\" data-element_type=\"widget\" data-e-type=\"widget\" data-widget_type=\"heading.default\">\n\t\t\t\t<div class=\"elementor-widget-container\">\n\t\t\t\t\t<p class=\"elementor-heading-title elementor-size-default\">* Precio por apartamento\/casa<br \/>* Edificio sin ascensor<\/p>\t\t\t\t<\/div>\n\t\t\t\t<\/div>\n\t\t\t\t\t<\/div>\n\t\t<\/div>\n\t\t\t\t\t<\/div>\n\t\t<\/section>\n\t\t\t\t<\/div>\n\t\t","protected":false},"excerpt":{"rendered":"<p>DEMANDE DE R\u00c9SERVATION DE LOCATION TOURISTIQUE * SOUS R\u00c9SERVE DE DISPONIBILIT\u00c9. LES R\u00c9SERVATIONS NE SONT VALABLES QU&#8217;APR\u00c8S CONFIRMATION DE L&#8217;AGENCE. * Precio por apartamento\/casa* Edificio sin ascensor<\/p>\n","protected":false},"author":1,"featured_media":0,"parent":0,"menu_order":0,"comment_status":"closed","ping_status":"closed","template":"elementor_header_footer","meta":{"inline_featured_image":false,"footnotes":""},"class_list":["post-4943","page","type-page","status-publish","hentry"],"yoast_head":"<!-- This site is optimized with the Yoast SEO plugin v27.3 - https:\/\/yoast.com\/product\/yoast-seo-wordpress\/ -->\n<title>Demande de r\u00e9servation - Payet Vacances<\/title>\n<meta name=\"robots\" content=\"noindex, nofollow\" \/>\n<meta property=\"og:locale\" content=\"fr_FR\" \/>\n<meta property=\"og:type\" content=\"article\" \/>\n<meta property=\"og:title\" content=\"Demande de r\u00e9servation - Payet Vacances\" \/>\n<meta property=\"og:description\" content=\"DEMANDE DE R\u00c9SERVATION DE LOCATION TOURISTIQUE * SOUS R\u00c9SERVE DE DISPONIBILIT\u00c9. LES R\u00c9SERVATIONS NE SONT VALABLES QU&#8217;APR\u00c8S CONFIRMATION DE L&#8217;AGENCE. * Precio por apartamento\/casa* Edificio sin ascensor\" \/>\n<meta property=\"og:url\" content=\"https:\/\/payetvacances.com\/fr\/demande-de-reservation\/\" \/>\n<meta property=\"og:site_name\" content=\"Payet Vacances\" \/>\n<meta property=\"article:modified_time\" content=\"2023-12-18T17:21:45+00:00\" \/>\n<meta name=\"twitter:card\" content=\"summary_large_image\" \/>\n<script type=\"application\/ld+json\" class=\"yoast-schema-graph\">{\"@context\":\"https:\\\/\\\/schema.org\",\"@graph\":[{\"@type\":\"WebPage\",\"@id\":\"https:\\\/\\\/payetvacances.com\\\/fr\\\/demande-de-reservation\\\/\",\"url\":\"https:\\\/\\\/payetvacances.com\\\/fr\\\/demande-de-reservation\\\/\",\"name\":\"Demande de r\u00e9servation - Payet Vacances\",\"isPartOf\":{\"@id\":\"https:\\\/\\\/payetvacances.com\\\/fr\\\/#website\"},\"datePublished\":\"2023-12-18T17:21:43+00:00\",\"dateModified\":\"2023-12-18T17:21:45+00:00\",\"breadcrumb\":{\"@id\":\"https:\\\/\\\/payetvacances.com\\\/fr\\\/demande-de-reservation\\\/#breadcrumb\"},\"inLanguage\":\"fr-FR\",\"potentialAction\":[{\"@type\":\"ReadAction\",\"target\":[\"https:\\\/\\\/payetvacances.com\\\/fr\\\/demande-de-reservation\\\/\"]}]},{\"@type\":\"BreadcrumbList\",\"@id\":\"https:\\\/\\\/payetvacances.com\\\/fr\\\/demande-de-reservation\\\/#breadcrumb\",\"itemListElement\":[{\"@type\":\"ListItem\",\"position\":1,\"name\":\"Inici\",\"item\":\"https:\\\/\\\/payetvacances.com\\\/fr\\\/\"},{\"@type\":\"ListItem\",\"position\":2,\"name\":\"Demande de r\u00e9servation\"}]},{\"@type\":\"WebSite\",\"@id\":\"https:\\\/\\\/payetvacances.com\\\/fr\\\/#website\",\"url\":\"https:\\\/\\\/payetvacances.com\\\/fr\\\/\",\"name\":\"Payet Vacances\",\"description\":\"Venda i lloguer de cases i apartaments a l&#039;Estartit i la Costa Brava\",\"publisher\":{\"@id\":\"https:\\\/\\\/payetvacances.com\\\/fr\\\/#organization\"},\"potentialAction\":[{\"@type\":\"SearchAction\",\"target\":{\"@type\":\"EntryPoint\",\"urlTemplate\":\"https:\\\/\\\/payetvacances.com\\\/fr\\\/?s={search_term_string}\"},\"query-input\":{\"@type\":\"PropertyValueSpecification\",\"valueRequired\":true,\"valueName\":\"search_term_string\"}}],\"inLanguage\":\"fr-FR\"},{\"@type\":\"Organization\",\"@id\":\"https:\\\/\\\/payetvacances.com\\\/fr\\\/#organization\",\"name\":\"Payet Vacances\",\"alternateName\":\"Finques Payet\",\"url\":\"https:\\\/\\\/payetvacances.com\\\/fr\\\/\",\"logo\":{\"@type\":\"ImageObject\",\"inLanguage\":\"fr-FR\",\"@id\":\"https:\\\/\\\/payetvacances.com\\\/fr\\\/#\\\/schema\\\/logo\\\/image\\\/\",\"url\":\"https:\\\/\\\/payetvacances.com\\\/wp-content\\\/uploads\\\/2021\\\/04\\\/logo-vacances.svg\",\"contentUrl\":\"https:\\\/\\\/payetvacances.com\\\/wp-content\\\/uploads\\\/2021\\\/04\\\/logo-vacances.svg\",\"width\":\"1024\",\"height\":\"1024\",\"caption\":\"Payet Vacances\"},\"image\":{\"@id\":\"https:\\\/\\\/payetvacances.com\\\/fr\\\/#\\\/schema\\\/logo\\\/image\\\/\"}}]}<\/script>\n<!-- \/ Yoast SEO plugin. -->","yoast_head_json":{"title":"Demande de r\u00e9servation - Payet Vacances","robots":{"index":"noindex","follow":"nofollow"},"og_locale":"fr_FR","og_type":"article","og_title":"Demande de r\u00e9servation - Payet Vacances","og_description":"DEMANDE DE R\u00c9SERVATION DE LOCATION TOURISTIQUE * SOUS R\u00c9SERVE DE DISPONIBILIT\u00c9. LES R\u00c9SERVATIONS NE SONT VALABLES QU&#8217;APR\u00c8S CONFIRMATION DE L&#8217;AGENCE. * Precio por apartamento\/casa* Edificio sin ascensor","og_url":"https:\/\/payetvacances.com\/fr\/demande-de-reservation\/","og_site_name":"Payet Vacances","article_modified_time":"2023-12-18T17:21:45+00:00","twitter_card":"summary_large_image","schema":{"@context":"https:\/\/schema.org","@graph":[{"@type":"WebPage","@id":"https:\/\/payetvacances.com\/fr\/demande-de-reservation\/","url":"https:\/\/payetvacances.com\/fr\/demande-de-reservation\/","name":"Demande de r\u00e9servation - Payet Vacances","isPartOf":{"@id":"https:\/\/payetvacances.com\/fr\/#website"},"datePublished":"2023-12-18T17:21:43+00:00","dateModified":"2023-12-18T17:21:45+00:00","breadcrumb":{"@id":"https:\/\/payetvacances.com\/fr\/demande-de-reservation\/#breadcrumb"},"inLanguage":"fr-FR","potentialAction":[{"@type":"ReadAction","target":["https:\/\/payetvacances.com\/fr\/demande-de-reservation\/"]}]},{"@type":"BreadcrumbList","@id":"https:\/\/payetvacances.com\/fr\/demande-de-reservation\/#breadcrumb","itemListElement":[{"@type":"ListItem","position":1,"name":"Inici","item":"https:\/\/payetvacances.com\/fr\/"},{"@type":"ListItem","position":2,"name":"Demande de r\u00e9servation"}]},{"@type":"WebSite","@id":"https:\/\/payetvacances.com\/fr\/#website","url":"https:\/\/payetvacances.com\/fr\/","name":"Payet Vacances","description":"Venda i lloguer de cases i apartaments a l&#039;Estartit i la Costa Brava","publisher":{"@id":"https:\/\/payetvacances.com\/fr\/#organization"},"potentialAction":[{"@type":"SearchAction","target":{"@type":"EntryPoint","urlTemplate":"https:\/\/payetvacances.com\/fr\/?s={search_term_string}"},"query-input":{"@type":"PropertyValueSpecification","valueRequired":true,"valueName":"search_term_string"}}],"inLanguage":"fr-FR"},{"@type":"Organization","@id":"https:\/\/payetvacances.com\/fr\/#organization","name":"Payet Vacances","alternateName":"Finques Payet","url":"https:\/\/payetvacances.com\/fr\/","logo":{"@type":"ImageObject","inLanguage":"fr-FR","@id":"https:\/\/payetvacances.com\/fr\/#\/schema\/logo\/image\/","url":"https:\/\/payetvacances.com\/wp-content\/uploads\/2021\/04\/logo-vacances.svg","contentUrl":"https:\/\/payetvacances.com\/wp-content\/uploads\/2021\/04\/logo-vacances.svg","width":"1024","height":"1024","caption":"Payet Vacances"},"image":{"@id":"https:\/\/payetvacances.com\/fr\/#\/schema\/logo\/image\/"}}]}},"_links":{"self":[{"href":"https:\/\/payetvacances.com\/fr\/wp-json\/wp\/v2\/pages\/4943","targetHints":{"allow":["GET"]}}],"collection":[{"href":"https:\/\/payetvacances.com\/fr\/wp-json\/wp\/v2\/pages"}],"about":[{"href":"https:\/\/payetvacances.com\/fr\/wp-json\/wp\/v2\/types\/page"}],"author":[{"embeddable":true,"href":"https:\/\/payetvacances.com\/fr\/wp-json\/wp\/v2\/users\/1"}],"replies":[{"embeddable":true,"href":"https:\/\/payetvacances.com\/fr\/wp-json\/wp\/v2\/comments?post=4943"}],"version-history":[{"count":1,"href":"https:\/\/payetvacances.com\/fr\/wp-json\/wp\/v2\/pages\/4943\/revisions"}],"predecessor-version":[{"id":4944,"href":"https:\/\/payetvacances.com\/fr\/wp-json\/wp\/v2\/pages\/4943\/revisions\/4944"}],"wp:attachment":[{"href":"https:\/\/payetvacances.com\/fr\/wp-json\/wp\/v2\/media?parent=4943"}],"curies":[{"name":"wp","href":"https:\/\/api.w.org\/{rel}","templated":true}]}}