{"id":4929,"date":"2023-12-14T18:00:10","date_gmt":"2023-12-14T18:00:10","guid":{"rendered":"https:\/\/payetvacances.com\/contact\/"},"modified":"2023-12-14T18:00:11","modified_gmt":"2023-12-14T18:00:11","slug":"contact","status":"publish","type":"page","link":"https:\/\/payetvacances.com\/fr\/contact\/","title":{"rendered":"CONTACT"},"content":{"rendered":"\t\t<div data-elementor-type=\"wp-page\" data-elementor-id=\"4929\" class=\"elementor elementor-4929 elementor-101\" data-elementor-post-type=\"page\">\n\t\t\t\t\t\t<section class=\"elementor-section elementor-top-section elementor-element elementor-element-ac1f7c7 elementor-section-full_width elementor-section-height-default elementor-section-height-default\" data-id=\"ac1f7c7\" data-element_type=\"section\" data-e-type=\"section\">\n\t\t\t\t\t\t<div class=\"elementor-container elementor-column-gap-no\">\n\t\t\t\t\t<div class=\"elementor-column elementor-col-100 elementor-top-column elementor-element elementor-element-33c393a\" data-id=\"33c393a\" data-element_type=\"column\" data-e-type=\"column\">\n\t\t\t<div class=\"elementor-widget-wrap elementor-element-populated\">\n\t\t\t\t\t\t<div class=\"elementor-element elementor-element-3389915 elementor-widget elementor-widget-image\" data-id=\"3389915\" data-element_type=\"widget\" data-e-type=\"widget\" data-widget_type=\"image.default\">\n\t\t\t\t<div class=\"elementor-widget-container\">\n\t\t\t\t\t\t\t\t\t\t\t\t\t\t\t<img fetchpriority=\"high\" decoding=\"async\" width=\"1920\" height=\"770\" src=\"https:\/\/payetvacances.com\/wp-content\/uploads\/2023\/05\/contacte-kaiak.jpg\" class=\"attachment-full size-full wp-image-1097\" alt=\"\" srcset=\"https:\/\/payetvacances.com\/wp-content\/uploads\/2023\/05\/contacte-kaiak.jpg 1920w, https:\/\/payetvacances.com\/wp-content\/uploads\/2023\/05\/contacte-kaiak-300x120.jpg 300w, https:\/\/payetvacances.com\/wp-content\/uploads\/2023\/05\/contacte-kaiak-1024x411.jpg 1024w, https:\/\/payetvacances.com\/wp-content\/uploads\/2023\/05\/contacte-kaiak-768x308.jpg 768w, https:\/\/payetvacances.com\/wp-content\/uploads\/2023\/05\/contacte-kaiak-1536x616.jpg 1536w\" sizes=\"(max-width: 1920px) 100vw, 1920px\" \/>\t\t\t\t\t\t\t\t\t\t\t\t\t\t\t<\/div>\n\t\t\t\t<\/div>\n\t\t\t\t\t<\/div>\n\t\t<\/div>\n\t\t\t\t\t<\/div>\n\t\t<\/section>\n\t\t\t\t<section class=\"elementor-section elementor-top-section elementor-element elementor-element-272289d elementor-section-boxed elementor-section-height-default elementor-section-height-default\" data-id=\"272289d\" data-element_type=\"section\" data-e-type=\"section\">\n\t\t\t\t\t\t<div class=\"elementor-container elementor-column-gap-no\">\n\t\t\t\t\t<div class=\"elementor-column elementor-col-50 elementor-top-column elementor-element elementor-element-3a2aa27\" data-id=\"3a2aa27\" data-element_type=\"column\" data-e-type=\"column\" data-settings=\"{&quot;background_background&quot;:&quot;classic&quot;}\">\n\t\t\t<div class=\"elementor-widget-wrap elementor-element-populated\">\n\t\t\t\t\t\t<div class=\"elementor-element elementor-element-a398cc4 elementor-widget elementor-widget-heading\" data-id=\"a398cc4\" data-element_type=\"widget\" data-e-type=\"widget\" data-widget_type=\"heading.default\">\n\t\t\t\t<div class=\"elementor-widget-container\">\n\t\t\t\t\t<h1 class=\"elementor-heading-title elementor-size-default\">PAYET VACANCES S.L.<\/h1>\t\t\t\t<\/div>\n\t\t\t\t<\/div>\n\t\t\t\t<div class=\"elementor-element elementor-element-3d3e61c elementor-widget elementor-widget-heading\" data-id=\"3d3e61c\" data-element_type=\"widget\" data-e-type=\"widget\" data-widget_type=\"heading.default\">\n\t\t\t\t<div class=\"elementor-widget-container\">\n\t\t\t\t\t<p class=\"elementor-heading-title elementor-size-default\">Immobilier et appartements touristiques.<\/p>\t\t\t\t<\/div>\n\t\t\t\t<\/div>\n\t\t\t\t<div class=\"elementor-element elementor-element-d583d82 elementor-widget elementor-widget-heading\" data-id=\"d583d82\" data-element_type=\"widget\" data-e-type=\"widget\" data-widget_type=\"heading.default\">\n\t\t\t\t<div class=\"elementor-widget-container\">\n\t\t\t\t\t<p class=\"elementor-heading-title elementor-size-default\">O\u00d9 NOUS SOMMES<\/p>\t\t\t\t<\/div>\n\t\t\t\t<\/div>\n\t\t\t\t<div class=\"elementor-element elementor-element-5a5bf45 elementor-widget elementor-widget-heading\" data-id=\"5a5bf45\" data-element_type=\"widget\" data-e-type=\"widget\" data-widget_type=\"heading.default\">\n\t\t\t\t<div class=\"elementor-widget-container\">\n\t\t\t\t\t<p class=\"elementor-heading-title elementor-size-default\">Avinguda Gr\u00e8cia, 25 L\u2019Estartit17258 (Girona) Spain<\/p>\t\t\t\t<\/div>\n\t\t\t\t<\/div>\n\t\t\t\t<div class=\"elementor-element elementor-element-7f92363 elementor-widget elementor-widget-heading\" data-id=\"7f92363\" data-element_type=\"widget\" data-e-type=\"widget\" data-widget_type=\"heading.default\">\n\t\t\t\t<div class=\"elementor-widget-container\">\n\t\t\t\t\t<p class=\"elementor-heading-title elementor-size-default\">CONTACT<\/p>\t\t\t\t<\/div>\n\t\t\t\t<\/div>\n\t\t\t\t<div class=\"elementor-element elementor-element-6565602 elementor-widget elementor-widget-heading\" data-id=\"6565602\" data-element_type=\"widget\" data-e-type=\"widget\" data-widget_type=\"heading.default\">\n\t\t\t\t<div class=\"elementor-widget-container\">\n\t\t\t\t\t<p class=\"elementor-heading-title elementor-size-default\"><a href=\"mailto:info@payetvacances.com\">info@payetvacances.com<\/a><\/p>\t\t\t\t<\/div>\n\t\t\t\t<\/div>\n\t\t\t\t<div class=\"elementor-element elementor-element-cd1910e elementor-widget__width-auto elementor-widget elementor-widget-heading\" data-id=\"cd1910e\" data-element_type=\"widget\" data-e-type=\"widget\" data-widget_type=\"heading.default\">\n\t\t\t\t<div class=\"elementor-widget-container\">\n\t\t\t\t\t<p class=\"elementor-heading-title elementor-size-default\"><a href=\"tel:+34972750252\">Tel. 0034 972 750 702<\/a><\/p>\t\t\t\t<\/div>\n\t\t\t\t<\/div>\n\t\t\t\t<div class=\"elementor-element elementor-element-d1b28f3 elementor-widget__width-auto elementor-widget elementor-widget-heading\" data-id=\"d1b28f3\" data-element_type=\"widget\" data-e-type=\"widget\" data-widget_type=\"heading.default\">\n\t\t\t\t<div class=\"elementor-widget-container\">\n\t\t\t\t\t<p class=\"elementor-heading-title elementor-size-default\">Fax. +34 972 75 18 47<\/p>\t\t\t\t<\/div>\n\t\t\t\t<\/div>\n\t\t\t\t<div class=\"elementor-element elementor-element-9900aed elementor-widget elementor-widget-heading\" data-id=\"9900aed\" data-element_type=\"widget\" data-e-type=\"widget\" data-widget_type=\"heading.default\">\n\t\t\t\t<div class=\"elementor-widget-container\">\n\t\t\t\t\t<p class=\"elementor-heading-title elementor-size-default\">HORAIRE<\/p>\t\t\t\t<\/div>\n\t\t\t\t<\/div>\n\t\t\t\t<div class=\"elementor-element elementor-element-d1130f1 elementor-widget__width-initial elementor-widget elementor-widget-heading\" data-id=\"d1130f1\" data-element_type=\"widget\" data-e-type=\"widget\" data-widget_type=\"heading.default\">\n\t\t\t\t<div class=\"elementor-widget-container\">\n\t\t\t\t\t<p class=\"elementor-heading-title elementor-size-default\">Du lundi au vendredi de 9h00 \u00e0 19h00, le samedi de 9h00 \u00e0 13h00 et de 15h00 \u00e0 19h00. Dimanche tancat<\/p>\t\t\t\t<\/div>\n\t\t\t\t<\/div>\n\t\t\t\t\t<\/div>\n\t\t<\/div>\n\t\t\t\t<div class=\"elementor-column elementor-col-50 elementor-top-column elementor-element elementor-element-8c72a61\" data-id=\"8c72a61\" data-element_type=\"column\" data-e-type=\"column\" data-settings=\"{&quot;background_background&quot;:&quot;classic&quot;}\">\n\t\t\t<div class=\"elementor-widget-wrap elementor-element-populated\">\n\t\t\t\t\t\t<div class=\"elementor-element elementor-element-7183b74 elementor-widget elementor-widget-heading\" data-id=\"7183b74\" data-element_type=\"widget\" data-e-type=\"widget\" data-widget_type=\"heading.default\">\n\t\t\t\t<div class=\"elementor-widget-container\">\n\t\t\t\t\t<p class=\"elementor-heading-title elementor-size-default\">FORMULAIRE DE CONTACT<\/p>\t\t\t\t<\/div>\n\t\t\t\t<\/div>\n\t\t\t\t<div class=\"elementor-element elementor-element-83d7fb9 elementor-button-align-start elementor-widget elementor-widget-form\" data-id=\"83d7fb9\" data-element_type=\"widget\" data-e-type=\"widget\" data-settings=\"{&quot;step_next_label&quot;:&quot;Next&quot;,&quot;step_previous_label&quot;:&quot;Previous&quot;,&quot;button_width&quot;:&quot;100&quot;,&quot;step_type&quot;:&quot;number_text&quot;,&quot;step_icon_shape&quot;:&quot;circle&quot;}\" data-widget_type=\"form.default\">\n\t\t\t\t<div class=\"elementor-widget-container\">\n\t\t\t\t\t\t\t<form class=\"elementor-form\" method=\"post\" name=\"New Form\" aria-label=\"New Form\">\n\t\t\t<input type=\"hidden\" name=\"post_id\" value=\"4929\"\/>\n\t\t\t<input type=\"hidden\" name=\"form_id\" value=\"83d7fb9\"\/>\n\t\t\t<input type=\"hidden\" name=\"referer_title\" value=\"Payet Vacances\" \/>\n\n\t\t\t\n\t\t\t<div class=\"elementor-form-fields-wrapper elementor-labels-\">\n\t\t\t\t\t\t\t\t<div class=\"elementor-field-type-text elementor-field-group elementor-column elementor-field-group-name elementor-col-100 elementor-field-required\">\n\t\t\t\t\t\t\t\t\t\t\t\t<label for=\"form-field-name\" class=\"elementor-field-label elementor-screen-only\">\n\t\t\t\t\t\t\t\tName\t\t\t\t\t\t\t<\/label>\n\t\t\t\t\t\t\t\t\t\t\t\t\t\t<input size=\"1\" type=\"text\" name=\"form_fields[name]\" id=\"form-field-name\" class=\"elementor-field elementor-size-sm  elementor-field-textual\" placeholder=\"Nom*\" required=\"required\">\n\t\t\t\t\t\t\t\t\t\t\t<\/div>\n\t\t\t\t\t\t\t\t<div class=\"elementor-field-type-email elementor-field-group elementor-column elementor-field-group-email elementor-col-100 elementor-field-required\">\n\t\t\t\t\t\t\t\t\t\t\t\t<label for=\"form-field-email\" class=\"elementor-field-label elementor-screen-only\">\n\t\t\t\t\t\t\t\tEmail*\t\t\t\t\t\t\t<\/label>\n\t\t\t\t\t\t\t\t\t\t\t\t\t\t<input size=\"1\" type=\"email\" name=\"form_fields[email]\" id=\"form-field-email\" class=\"elementor-field elementor-size-sm  elementor-field-textual\" placeholder=\"Courrier \u00e9lectronique\" required=\"required\">\n\t\t\t\t\t\t\t\t\t\t\t<\/div>\n\t\t\t\t\t\t\t\t<div class=\"elementor-field-type-textarea elementor-field-group elementor-column elementor-field-group-message elementor-col-100\">\n\t\t\t\t\t\t\t\t\t\t\t\t<label for=\"form-field-message\" class=\"elementor-field-label elementor-screen-only\">\n\t\t\t\t\t\t\t\tMessage\t\t\t\t\t\t\t<\/label>\n\t\t\t\t\t\t<textarea class=\"elementor-field-textual elementor-field  elementor-size-sm\" name=\"form_fields[message]\" id=\"form-field-message\" rows=\"4\" placeholder=\"Message\"><\/textarea>\t\t\t\t<\/div>\n\t\t\t\t\t\t\t\t<div class=\"elementor-field-type-acceptance elementor-field-group elementor-column elementor-field-group-field_0936117 elementor-col-100\">\n\t\t\t\t\t\t\t\t\t\t\t\t<label for=\"form-field-field_0936117\" class=\"elementor-field-label elementor-screen-only\">\n\t\t\t\t\t\t\t\tPolitique\t\t\t\t\t\t\t<\/label>\n\t\t\t\t\t\t\t\t<div class=\"elementor-field-subgroup\">\n\t\t\t<span class=\"elementor-field-option\">\n\t\t\t\t<input type=\"checkbox\" name=\"form_fields[field_0936117]\" id=\"form-field-field_0936117\" class=\"elementor-field elementor-size-sm  elementor-acceptance-field\">\n\t\t\t\t<label for=\"form-field-field_0936117\">J'ai lu et j'accepte la <a href=\"https:\/\/payetvacances.com\/politica-de-privadesa\/\" rel=\"nofollow noreferrer noopener\" target=\"_blank\" style=\"colour:#000 ;\">politique de confidentialit\u00e9<\/a>.<\/label>\t\t\t<\/span>\n\t\t<\/div>\n\t\t\t\t\t\t<\/div>\n\t\t\t\t\t\t\t\t<div class=\"elementor-field-type-recaptcha_v3 elementor-field-group elementor-column elementor-field-group-field_47d413d elementor-col-100 recaptcha_v3-bottomright\">\n\t\t\t\t\t<div class=\"elementor-field\" id=\"form-field-field_47d413d\"><div class=\"elementor-g-recaptcha\" data-sitekey=\"6LfPGQopAAAAALKoVR00nZLCyHanzkZOHyRT4kSm\" data-type=\"v3\" data-action=\"Form\" data-badge=\"bottomright\" data-size=\"invisible\"><\/div><\/div>\t\t\t\t<\/div>\n\t\t\t\t\t\t\t\t<div class=\"elementor-field-group elementor-column elementor-field-type-submit elementor-col-100 e-form__buttons\">\n\t\t\t\t\t<button class=\"elementor-button elementor-size-md\" type=\"submit\">\n\t\t\t\t\t\t<span class=\"elementor-button-content-wrapper\">\n\t\t\t\t\t\t\t\t\t\t\t\t\t\t\t\t\t\t\t\t\t\t<span class=\"elementor-button-text\">Envoyer<\/span>\n\t\t\t\t\t\t\t\t\t\t\t\t\t<\/span>\n\t\t\t\t\t<\/button>\n\t\t\t\t<\/div>\n\t\t\t<\/div>\n\t\t<\/form>\n\t\t\t\t\t\t<\/div>\n\t\t\t\t<\/div>\n\t\t\t\t\t<\/div>\n\t\t<\/div>\n\t\t\t\t\t<\/div>\n\t\t<\/section>\n\t\t\t\t<section class=\"elementor-section elementor-top-section elementor-element elementor-element-bda76db elementor-section-full_width elementor-section-height-default elementor-section-height-default\" data-id=\"bda76db\" data-element_type=\"section\" data-e-type=\"section\">\n\t\t\t\t\t\t<div class=\"elementor-container elementor-column-gap-no\">\n\t\t\t\t\t<div class=\"elementor-column elementor-col-100 elementor-top-column elementor-element elementor-element-51beb69\" data-id=\"51beb69\" data-element_type=\"column\" data-e-type=\"column\">\n\t\t\t<div class=\"elementor-widget-wrap elementor-element-populated\">\n\t\t\t\t\t\t<div class=\"elementor-element elementor-element-f36c762 elementor-widget elementor-widget-heading\" data-id=\"f36c762\" data-element_type=\"widget\" data-e-type=\"widget\" data-widget_type=\"heading.default\">\n\t\t\t\t<div class=\"elementor-widget-container\">\n\t\t\t\t\t<h2 class=\"elementor-heading-title elementor-size-default\">Appartements de vacances \u00e0 louer \u00e0 l'Estartit<\/h2>\t\t\t\t<\/div>\n\t\t\t\t<\/div>\n\t\t\t\t<div class=\"elementor-element elementor-element-6667106 elementor-widget elementor-widget-heading\" data-id=\"6667106\" data-element_type=\"widget\" data-e-type=\"widget\" data-widget_type=\"heading.default\">\n\t\t\t\t<div class=\"elementor-widget-container\">\n\t\t\t\t\t<p class=\"elementor-heading-title elementor-size-default\">CARTE DE L'ESTARTIT<\/p>\t\t\t\t<\/div>\n\t\t\t\t<\/div>\n\t\t\t\t<div class=\"elementor-element elementor-element-707b6af elementor-widget elementor-widget-stratum-advanced-google-map\" data-id=\"707b6af\" data-element_type=\"widget\" data-e-type=\"widget\" data-settings=\"{&quot;map_lat&quot;:42.05082,&quot;map_lng&quot;:3.1928502,&quot;map_type_setup&quot;:&quot;multiple&quot;,&quot;zoom_level&quot;:{&quot;unit&quot;:&quot;px&quot;,&quot;size&quot;:17,&quot;sizes&quot;:[]},&quot;interaction&quot;:&quot;cooperative&quot;,&quot;street_view_control&quot;:&quot;yes&quot;,&quot;map_type_control&quot;:&quot;yes&quot;,&quot;zoom_control&quot;:&quot;yes&quot;}\" data-widget_type=\"stratum-advanced-google-map.default\">\n\t\t\t\t<div class=\"elementor-widget-container\">\n\t\t\t\t\t<div class=\"stratum-advanced-google-map\" data-map-options=\"{&quot;center&quot;:{&quot;mapLat&quot;:&quot;42.05082&quot;,&quot;mapLng&quot;:&quot;3.1928502&quot;},&quot;controls&quot;:{&quot;streetViewControl&quot;:true,&quot;mapTypeControl&quot;:true,&quot;zoomControl&quot;:true,&quot;fullscreenControl&quot;:false},&quot;zoomLevel&quot;:{&quot;unit&quot;:&quot;px&quot;,&quot;size&quot;:17,&quot;sizes&quot;:[]},&quot;markerTypeSetup&quot;:&quot;coordinates&quot;,&quot;mapTypeSetup&quot;:&quot;multiple&quot;,&quot;interaction&quot;:&quot;cooperative&quot;,&quot;markers&quot;:[{&quot;markerTitle&quot;:&quot;OFICINA&quot;,&quot;markerContent&quot;:&quot;PAYET VACANCES&quot;,&quot;popupMaxWidth&quot;:250,&quot;isOpenPopup&quot;:false,&quot;markerLat&quot;:&quot;42.05067151493494&quot;,&quot;markerLng&quot;:&quot;3.1950053702764913&quot;},{&quot;markerTitle&quot;:&quot;APARTAMENTS PAYET &quot;,&quot;markerContent&quot;:&quot;FINQUES PAYET&quot;,&quot;popupMaxWidth&quot;:250,&quot;isOpenPopup&quot;:false,&quot;markerLat&quot;:&quot;42.04955958755986&quot;,&quot;markerLng&quot;:&quot;3.1953238670619566&quot;}],&quot;mapTheme&quot;:null}\">\n    <div class=\"stratum-advanced-google-map__container\"><\/div>\n<\/div>\n\t\t\t\t<\/div>\n\t\t\t\t<\/div>\n\t\t\t\t\t<\/div>\n\t\t<\/div>\n\t\t\t\t\t<\/div>\n\t\t<\/section>\n\t\t\t\t<\/div>\n\t\t","protected":false},"excerpt":{"rendered":"<p>PAYET VACANCES S.L. Immobilier et appartements touristiques. O\u00d9 NOUS SOMMES Avinguda Gr\u00e8cia, 25 L\u2019Estartit17258 (Girona) Spain CONTACT info@payetvacances.com Tel. 0034 972 750 702 Fax. +34 972 75 18 47 HORAIRE Du lundi au vendredi de 9h00 \u00e0 19h00, le samedi de 9h00 \u00e0 13h00 et de 15h00 \u00e0 19h00. Dimanche tancat FORMULAIRE DE CONTACT Appartements [&hellip;]<\/p>\n","protected":false},"author":1,"featured_media":0,"parent":0,"menu_order":0,"comment_status":"closed","ping_status":"closed","template":"elementor_header_footer","meta":{"inline_featured_image":false,"footnotes":""},"class_list":["post-4929","page","type-page","status-publish","hentry"],"yoast_head":"<!-- This site is optimized with the Yoast SEO plugin v27.3 - https:\/\/yoast.com\/product\/yoast-seo-wordpress\/ -->\n<title>Payet vacances - Commencez vos vacances \u00e0 l&#039;Estartit<\/title>\n<meta name=\"description\" content=\"Contactez-nous (+34972750702) pour demander des informations sur les maisons, les appartements touristiques ou les services que nous offrons. Nous vous attendons !\" \/>\n<meta name=\"robots\" content=\"index, follow, max-snippet:-1, max-image-preview:large, max-video-preview:-1\" \/>\n<link rel=\"canonical\" href=\"https:\/\/payetvacances.com\/fr\/contact\/\" \/>\n<meta property=\"og:locale\" content=\"fr_FR\" \/>\n<meta property=\"og:type\" content=\"article\" \/>\n<meta property=\"og:title\" content=\"Payet vacances - Commencez vos vacances \u00e0 l&#039;Estartit\" \/>\n<meta property=\"og:description\" content=\"Contactez-nous (+34972750702) pour demander des informations sur les maisons, les appartements touristiques ou les services que nous offrons. Nous vous attendons !\" \/>\n<meta property=\"og:url\" content=\"https:\/\/payetvacances.com\/fr\/contact\/\" \/>\n<meta property=\"og:site_name\" content=\"Payet Vacances\" \/>\n<meta property=\"article:modified_time\" content=\"2023-12-14T18:00:11+00:00\" \/>\n<meta property=\"og:image\" content=\"https:\/\/payetvacances.com\/wp-content\/uploads\/2023\/05\/contacte-kaiak.jpg\" \/>\n<meta name=\"twitter:card\" content=\"summary_large_image\" \/>\n<script type=\"application\/ld+json\" class=\"yoast-schema-graph\">{\"@context\":\"https:\\\/\\\/schema.org\",\"@graph\":[{\"@type\":\"WebPage\",\"@id\":\"https:\\\/\\\/payetvacances.com\\\/fr\\\/contact\\\/\",\"url\":\"https:\\\/\\\/payetvacances.com\\\/fr\\\/contact\\\/\",\"name\":\"Payet vacances - Commencez vos vacances \u00e0 l'Estartit\",\"isPartOf\":{\"@id\":\"https:\\\/\\\/payetvacances.com\\\/fr\\\/#website\"},\"primaryImageOfPage\":{\"@id\":\"https:\\\/\\\/payetvacances.com\\\/fr\\\/contact\\\/#primaryimage\"},\"image\":{\"@id\":\"https:\\\/\\\/payetvacances.com\\\/fr\\\/contact\\\/#primaryimage\"},\"thumbnailUrl\":\"https:\\\/\\\/payetvacances.com\\\/wp-content\\\/uploads\\\/2023\\\/05\\\/contacte-kaiak.jpg\",\"datePublished\":\"2023-12-14T18:00:10+00:00\",\"dateModified\":\"2023-12-14T18:00:11+00:00\",\"description\":\"Contactez-nous (+34972750702) pour demander des informations sur les maisons, les appartements touristiques ou les services que nous offrons. Nous vous attendons !\",\"breadcrumb\":{\"@id\":\"https:\\\/\\\/payetvacances.com\\\/fr\\\/contact\\\/#breadcrumb\"},\"inLanguage\":\"fr-FR\",\"potentialAction\":[{\"@type\":\"ReadAction\",\"target\":[\"https:\\\/\\\/payetvacances.com\\\/fr\\\/contact\\\/\"]}]},{\"@type\":\"ImageObject\",\"inLanguage\":\"fr-FR\",\"@id\":\"https:\\\/\\\/payetvacances.com\\\/fr\\\/contact\\\/#primaryimage\",\"url\":\"https:\\\/\\\/payetvacances.com\\\/wp-content\\\/uploads\\\/2023\\\/05\\\/contacte-kaiak.jpg\",\"contentUrl\":\"https:\\\/\\\/payetvacances.com\\\/wp-content\\\/uploads\\\/2023\\\/05\\\/contacte-kaiak.jpg\"},{\"@type\":\"BreadcrumbList\",\"@id\":\"https:\\\/\\\/payetvacances.com\\\/fr\\\/contact\\\/#breadcrumb\",\"itemListElement\":[{\"@type\":\"ListItem\",\"position\":1,\"name\":\"Inici\",\"item\":\"https:\\\/\\\/payetvacances.com\\\/fr\\\/\"},{\"@type\":\"ListItem\",\"position\":2,\"name\":\"CONTACT\"}]},{\"@type\":\"WebSite\",\"@id\":\"https:\\\/\\\/payetvacances.com\\\/fr\\\/#website\",\"url\":\"https:\\\/\\\/payetvacances.com\\\/fr\\\/\",\"name\":\"Payet Vacances\",\"description\":\"Venda i lloguer de cases i apartaments a l&#039;Estartit i la Costa Brava\",\"publisher\":{\"@id\":\"https:\\\/\\\/payetvacances.com\\\/fr\\\/#organization\"},\"potentialAction\":[{\"@type\":\"SearchAction\",\"target\":{\"@type\":\"EntryPoint\",\"urlTemplate\":\"https:\\\/\\\/payetvacances.com\\\/fr\\\/?s={search_term_string}\"},\"query-input\":{\"@type\":\"PropertyValueSpecification\",\"valueRequired\":true,\"valueName\":\"search_term_string\"}}],\"inLanguage\":\"fr-FR\"},{\"@type\":\"Organization\",\"@id\":\"https:\\\/\\\/payetvacances.com\\\/fr\\\/#organization\",\"name\":\"Payet Vacances\",\"alternateName\":\"Finques Payet\",\"url\":\"https:\\\/\\\/payetvacances.com\\\/fr\\\/\",\"logo\":{\"@type\":\"ImageObject\",\"inLanguage\":\"fr-FR\",\"@id\":\"https:\\\/\\\/payetvacances.com\\\/fr\\\/#\\\/schema\\\/logo\\\/image\\\/\",\"url\":\"https:\\\/\\\/payetvacances.com\\\/wp-content\\\/uploads\\\/2021\\\/04\\\/logo-vacances.svg\",\"contentUrl\":\"https:\\\/\\\/payetvacances.com\\\/wp-content\\\/uploads\\\/2021\\\/04\\\/logo-vacances.svg\",\"width\":\"1024\",\"height\":\"1024\",\"caption\":\"Payet Vacances\"},\"image\":{\"@id\":\"https:\\\/\\\/payetvacances.com\\\/fr\\\/#\\\/schema\\\/logo\\\/image\\\/\"}}]}<\/script>\n<!-- \/ Yoast SEO plugin. -->","yoast_head_json":{"title":"Payet vacances - Commencez vos vacances \u00e0 l'Estartit","description":"Contactez-nous (+34972750702) pour demander des informations sur les maisons, les appartements touristiques ou les services que nous offrons. Nous vous attendons !","robots":{"index":"index","follow":"follow","max-snippet":"max-snippet:-1","max-image-preview":"max-image-preview:large","max-video-preview":"max-video-preview:-1"},"canonical":"https:\/\/payetvacances.com\/fr\/contact\/","og_locale":"fr_FR","og_type":"article","og_title":"Payet vacances - Commencez vos vacances \u00e0 l'Estartit","og_description":"Contactez-nous (+34972750702) pour demander des informations sur les maisons, les appartements touristiques ou les services que nous offrons. Nous vous attendons !","og_url":"https:\/\/payetvacances.com\/fr\/contact\/","og_site_name":"Payet Vacances","article_modified_time":"2023-12-14T18:00:11+00:00","og_image":[{"url":"https:\/\/payetvacances.com\/wp-content\/uploads\/2023\/05\/contacte-kaiak.jpg","type":"","width":"","height":""}],"twitter_card":"summary_large_image","schema":{"@context":"https:\/\/schema.org","@graph":[{"@type":"WebPage","@id":"https:\/\/payetvacances.com\/fr\/contact\/","url":"https:\/\/payetvacances.com\/fr\/contact\/","name":"Payet vacances - Commencez vos vacances \u00e0 l'Estartit","isPartOf":{"@id":"https:\/\/payetvacances.com\/fr\/#website"},"primaryImageOfPage":{"@id":"https:\/\/payetvacances.com\/fr\/contact\/#primaryimage"},"image":{"@id":"https:\/\/payetvacances.com\/fr\/contact\/#primaryimage"},"thumbnailUrl":"https:\/\/payetvacances.com\/wp-content\/uploads\/2023\/05\/contacte-kaiak.jpg","datePublished":"2023-12-14T18:00:10+00:00","dateModified":"2023-12-14T18:00:11+00:00","description":"Contactez-nous (+34972750702) pour demander des informations sur les maisons, les appartements touristiques ou les services que nous offrons. Nous vous attendons !","breadcrumb":{"@id":"https:\/\/payetvacances.com\/fr\/contact\/#breadcrumb"},"inLanguage":"fr-FR","potentialAction":[{"@type":"ReadAction","target":["https:\/\/payetvacances.com\/fr\/contact\/"]}]},{"@type":"ImageObject","inLanguage":"fr-FR","@id":"https:\/\/payetvacances.com\/fr\/contact\/#primaryimage","url":"https:\/\/payetvacances.com\/wp-content\/uploads\/2023\/05\/contacte-kaiak.jpg","contentUrl":"https:\/\/payetvacances.com\/wp-content\/uploads\/2023\/05\/contacte-kaiak.jpg"},{"@type":"BreadcrumbList","@id":"https:\/\/payetvacances.com\/fr\/contact\/#breadcrumb","itemListElement":[{"@type":"ListItem","position":1,"name":"Inici","item":"https:\/\/payetvacances.com\/fr\/"},{"@type":"ListItem","position":2,"name":"CONTACT"}]},{"@type":"WebSite","@id":"https:\/\/payetvacances.com\/fr\/#website","url":"https:\/\/payetvacances.com\/fr\/","name":"Payet Vacances","description":"Venda i lloguer de cases i apartaments a l&#039;Estartit i la Costa Brava","publisher":{"@id":"https:\/\/payetvacances.com\/fr\/#organization"},"potentialAction":[{"@type":"SearchAction","target":{"@type":"EntryPoint","urlTemplate":"https:\/\/payetvacances.com\/fr\/?s={search_term_string}"},"query-input":{"@type":"PropertyValueSpecification","valueRequired":true,"valueName":"search_term_string"}}],"inLanguage":"fr-FR"},{"@type":"Organization","@id":"https:\/\/payetvacances.com\/fr\/#organization","name":"Payet Vacances","alternateName":"Finques Payet","url":"https:\/\/payetvacances.com\/fr\/","logo":{"@type":"ImageObject","inLanguage":"fr-FR","@id":"https:\/\/payetvacances.com\/fr\/#\/schema\/logo\/image\/","url":"https:\/\/payetvacances.com\/wp-content\/uploads\/2021\/04\/logo-vacances.svg","contentUrl":"https:\/\/payetvacances.com\/wp-content\/uploads\/2021\/04\/logo-vacances.svg","width":"1024","height":"1024","caption":"Payet Vacances"},"image":{"@id":"https:\/\/payetvacances.com\/fr\/#\/schema\/logo\/image\/"}}]}},"_links":{"self":[{"href":"https:\/\/payetvacances.com\/fr\/wp-json\/wp\/v2\/pages\/4929","targetHints":{"allow":["GET"]}}],"collection":[{"href":"https:\/\/payetvacances.com\/fr\/wp-json\/wp\/v2\/pages"}],"about":[{"href":"https:\/\/payetvacances.com\/fr\/wp-json\/wp\/v2\/types\/page"}],"author":[{"embeddable":true,"href":"https:\/\/payetvacances.com\/fr\/wp-json\/wp\/v2\/users\/1"}],"replies":[{"embeddable":true,"href":"https:\/\/payetvacances.com\/fr\/wp-json\/wp\/v2\/comments?post=4929"}],"version-history":[{"count":1,"href":"https:\/\/payetvacances.com\/fr\/wp-json\/wp\/v2\/pages\/4929\/revisions"}],"predecessor-version":[{"id":4930,"href":"https:\/\/payetvacances.com\/fr\/wp-json\/wp\/v2\/pages\/4929\/revisions\/4930"}],"wp:attachment":[{"href":"https:\/\/payetvacances.com\/fr\/wp-json\/wp\/v2\/media?parent=4929"}],"curies":[{"name":"wp","href":"https:\/\/api.w.org\/{rel}","templated":true}]}}