{"id":4927,"date":"2023-12-14T17:59:45","date_gmt":"2023-12-14T17:59:45","guid":{"rendered":"https:\/\/payetvacances.com\/avis-legal\/"},"modified":"2023-12-14T17:59:45","modified_gmt":"2023-12-14T17:59:45","slug":"avis-legal","status":"publish","type":"page","link":"https:\/\/payetvacances.com\/fr\/avis-legal\/","title":{"rendered":"AVIS L\u00c9GAL"},"content":{"rendered":"\t\t<div data-elementor-type=\"wp-page\" data-elementor-id=\"4927\" class=\"elementor elementor-4927 elementor-4268\" data-elementor-post-type=\"page\">\n\t\t\t\t\t\t<section class=\"elementor-section elementor-top-section elementor-element elementor-element-3b7cb69 elementor-section-boxed elementor-section-height-default elementor-section-height-default\" data-id=\"3b7cb69\" data-element_type=\"section\" data-e-type=\"section\">\n\t\t\t\t\t\t<div class=\"elementor-container elementor-column-gap-no\">\n\t\t\t\t\t<div class=\"elementor-column elementor-col-100 elementor-top-column elementor-element elementor-element-b785d13\" data-id=\"b785d13\" data-element_type=\"column\" data-e-type=\"column\">\n\t\t\t<div class=\"elementor-widget-wrap elementor-element-populated\">\n\t\t\t\t\t\t<div class=\"elementor-element elementor-element-a5bdead elementor-widget elementor-widget-template\" data-id=\"a5bdead\" data-element_type=\"widget\" data-e-type=\"widget\" data-widget_type=\"template.default\">\n\t\t\t\t<div class=\"elementor-widget-container\">\n\t\t\t\t\t\t\t<div class=\"elementor-template\">\n\t\t\t\t\t<div data-elementor-type=\"page\" data-elementor-id=\"4340\" class=\"elementor elementor-4340\" data-elementor-post-type=\"elementor_library\">\n\t\t\t\t\t\t<section class=\"elementor-section elementor-top-section elementor-element elementor-element-7125dd2c elementor-section-full_width elementor-section-height-default elementor-section-height-default\" data-id=\"7125dd2c\" data-element_type=\"section\" data-e-type=\"section\" data-settings=\"{&quot;background_background&quot;:&quot;classic&quot;}\">\n\t\t\t\t\t\t<div class=\"elementor-container elementor-column-gap-no\">\n\t\t\t\t\t<div class=\"elementor-column elementor-col-100 elementor-top-column elementor-element elementor-element-2b6cfb3a\" data-id=\"2b6cfb3a\" data-element_type=\"column\" data-e-type=\"column\">\n\t\t\t<div class=\"elementor-widget-wrap elementor-element-populated\">\n\t\t\t\t\t\t<div class=\"elementor-element elementor-element-25a91af9 elementor-widget elementor-widget-heading\" data-id=\"25a91af9\" data-element_type=\"widget\" data-e-type=\"widget\" data-widget_type=\"heading.default\">\n\t\t\t\t<div class=\"elementor-widget-container\">\n\t\t\t\t\t<p class=\"elementor-heading-title elementor-size-default\">Av\u00eds legal<\/p>\t\t\t\t<\/div>\n\t\t\t\t<\/div>\n\t\t\t\t<div class=\"elementor-element elementor-element-2ed23e9 elementor-widget__width-inherit elementor-widget elementor-widget-text-editor\" data-id=\"2ed23e9\" data-element_type=\"widget\" data-e-type=\"widget\" data-widget_type=\"text-editor.default\">\n\t\t\t\t<div class=\"elementor-widget-container\">\n\t\t\t\t\t\t\t\t\t<p>En compliment de l&#8217;article 10 de la Llei 34\/2002, de 11 de juliol, sobre Serveis de la Societat de la <a href=\"https:\/\/urologojosemontano.com.mx\/\">binjaitoto<\/a> Informaci\u00f3 i Comer\u00e7 Electr\u00f2nic (LSSI-CE), l&#8217;informem que el titular de la p\u00e0gina web (en endavant, la &#8220;Web&#8221;) \u00e9s PAYET VACANCES SL, domiciliada a AVENIDA GRECIA, 25, Torroella de Montgr\u00ed ( 17258),Girona, Espanya, amb CIF B17062373 (en endavant, &#8220;PAYET VACANCES S.L.&#8221;).<br \/>Les comunicacions que es facin necess\u00e0ries entre PAYET VACANCES S.L. i l&#8217;Usuari, hauran de dirigir-se a el Servei d&#8217;Atenci\u00f3 al Client mitjan\u00e7ant l&#8217;enviament d&#8217;un correu electr\u00f2nic a info@payetvacances.com, o b\u00e9 mitjan\u00e7ant l&#8217;enviament d&#8217;una comunicaci\u00f3 escrita dirigida al nostre Departament d&#8217;Atenci\u00f3 al Client, a l&#8217;adre\u00e7a abans esmentada.<br \/>El nostre horari d&#8217;atenci\u00f3 \u00e9s de De dilluns a divendres de 9:00 h a 19:00 h i dissabtes de 9:00 h a 13:00 h i de 15:00 h a19:00 h.<\/p>\t\t\t\t\t\t\t\t<\/div>\n\t\t\t\t<\/div>\n\t\t\t\t<div class=\"elementor-element elementor-element-189eac63 elementor-widget elementor-widget-heading\" data-id=\"189eac63\" data-element_type=\"widget\" data-e-type=\"widget\" data-widget_type=\"heading.default\">\n\t\t\t\t<div class=\"elementor-widget-container\">\n\t\t\t\t\t<h2 class=\"elementor-heading-title elementor-size-default\">1. Acceptaci\u00f3 de les condicions d'\u00fas<\/h2>\t\t\t\t<\/div>\n\t\t\t\t<\/div>\n\t\t\t\t<div class=\"elementor-element elementor-element-43da8e8e elementor-widget__width-inherit elementor-widget elementor-widget-text-editor\" data-id=\"43da8e8e\" data-element_type=\"widget\" data-e-type=\"widget\" data-widget_type=\"text-editor.default\">\n\t\t\t\t<div class=\"elementor-widget-container\">\n\t\t\t\t\t\t\t\t\t<p>1.1. Les presents Condicions d&#8217;\u00das tenen per finalitat regular la posada a disposici\u00f3 de la informaci\u00f3 i els serveis prestats per PAYET VACANCES S.L. per mitj\u00e0 del web.<\/p><p>1.2. Al navegar per la web vost\u00e8 adquireix autom\u00e0ticament la condici\u00f3 d&#8217;Usuari (des d&#8217;ara, &#8220;Un&#8221; o &#8220;Usuari&#8221;) i accepta sense reserves de cap classe, a totes i cadascuna de el present Av\u00eds Legal.<\/p><p>1.3. Per comen\u00e7ar a utilitzar la web no ser\u00e0 necessari que l&#8217;Usuari es registri pr\u00e8viament, ni que accepti expressament el present Av\u00eds Legal. No obstant aix\u00f2, l&#8217;Usuari \u00e9s conscient que \u00e9s la seva obligaci\u00f3 con\u00e8ixer i respectar el present Av\u00eds Legal i la nostra Pol\u00edtica de Privacitat a partir del moment en qu\u00e8 accedeix a la web.<\/p><p>1.4. PAYET VACANCES S.L. podr\u00e0 modificar el present Av\u00eds Legal mitjan\u00e7ant la publicaci\u00f3 d&#8217;aquestes modificacions a la web per tal de que puguin ser conegudes pels Usuaris.<\/p>\t\t\t\t\t\t\t\t<\/div>\n\t\t\t\t<\/div>\n\t\t\t\t<div class=\"elementor-element elementor-element-52524550 elementor-widget elementor-widget-heading\" data-id=\"52524550\" data-element_type=\"widget\" data-e-type=\"widget\" data-widget_type=\"heading.default\">\n\t\t\t\t<div class=\"elementor-widget-container\">\n\t\t\t\t\t<h2 class=\"elementor-heading-title elementor-size-default\">2. Drets de Propietat Intel\u00b7lectual i Industrial<\/h2>\t\t\t\t<\/div>\n\t\t\t\t<\/div>\n\t\t\t\t<div class=\"elementor-element elementor-element-307b4ad6 elementor-widget__width-inherit elementor-widget elementor-widget-text-editor\" data-id=\"307b4ad6\" data-element_type=\"widget\" data-e-type=\"widget\" data-widget_type=\"text-editor.default\">\n\t\t\t\t<div class=\"elementor-widget-container\">\n\t\t\t\t\t\t\t\t\t<p>2.1. Tot el contingut del web, incloent a t\u00edtol enunciatiu, per\u00f2 no limitatiu la seva programaci\u00f3, edici\u00f3, compilaci\u00f3, dissenys, logotips, imatges, text i gr\u00e0fics, s\u00f3n propietat de PAYET VACANCES S.L., trobant protegits per la normativa nacional i internacional sobre propietat intel\u00b7lectual. L&#8217;acc\u00e9s per part de l&#8217;Usuari no li atorga cap dret de propietat a les mateixes.<\/p><p>2.2. Si vost\u00e8. Veu en la web qualsevol contingut que pogu\u00e9s vulnerar drets de propietat intel\u00b7lectual i industrial, preguem ho posin en coneixement de PAYET VACANCES S.L. amb la major brevetat possible, remetent un correu electr\u00f2nic a l&#8217;adre\u00e7a <a style=\"color: #533e8a; text-decoration: underline;\" href=\"mailto:info@payetvacances.com\" rel=\"nofollow noreferrer noopener\">info@payetvacances.com<\/a><\/p>\t\t\t\t\t\t\t\t<\/div>\n\t\t\t\t<\/div>\n\t\t\t\t<div class=\"elementor-element elementor-element-36712ef6 elementor-widget elementor-widget-heading\" data-id=\"36712ef6\" data-element_type=\"widget\" data-e-type=\"widget\" data-widget_type=\"heading.default\">\n\t\t\t\t<div class=\"elementor-widget-container\">\n\t\t\t\t\t<h2 class=\"elementor-heading-title elementor-size-default\">3. Responsabilitat Civil<\/h2>\t\t\t\t<\/div>\n\t\t\t\t<\/div>\n\t\t\t\t<div class=\"elementor-element elementor-element-5b806570 elementor-widget__width-inherit elementor-widget elementor-widget-text-editor\" data-id=\"5b806570\" data-element_type=\"widget\" data-e-type=\"widget\" data-widget_type=\"text-editor.default\">\n\t\t\t\t<div class=\"elementor-widget-container\">\n\t\t\t\t\t\t\t\t\t<p>3.1. PAYET VACANCES S.L. no respondr\u00e0 de cap dany o perjudici que l&#8217;Usuari pugui patir com a conseq\u00fc\u00e8ncia de la utilitzaci\u00f3 de la Web quan provi que ha complert les exig\u00e8ncies i dilig\u00e8ncies que exigeix la naturalesa de la web.<\/p><p>3.2. No controlem, amb car\u00e0cter general, la utilitzaci\u00f3 que els Usuaris fan del Web. En particular, no garantim sota cap extrem que els Usuaris utilitzin la Web i les seves eines de conformitat amb la llei, el present Av\u00eds Legal, la moral i bons costums generalment acceptats i l&#8217;ordre p\u00fablic, ni tampoc que ho facin de forma diligent i prudent.<\/p><p>3.3. En el cas que a la web es disposessin enlla\u00e7os o hipervincles cap a altres llocs d&#8217;Internet, no exercirem cap tipus de control sobre aquests llocs i continguts. En cap cas assumirem cap responsabilitat pels continguts d&#8217;algun enlla\u00e7 pertanyent a un web ali\u00e8, ni garantirem la disponibilitat t\u00e8cnica, qualitat i veracitat de qualsevol material o informaci\u00f3 continguda en els mateixos.<\/p>\t\t\t\t\t\t\t\t<\/div>\n\t\t\t\t<\/div>\n\t\t\t\t<div class=\"elementor-element elementor-element-7dbf2836 elementor-widget elementor-widget-heading\" data-id=\"7dbf2836\" data-element_type=\"widget\" data-e-type=\"widget\" data-widget_type=\"heading.default\">\n\t\t\t\t<div class=\"elementor-widget-container\">\n\t\t\t\t\t<h2 class=\"elementor-heading-title elementor-size-default\">4. Exclusi\u00f3 de Garantia<\/h2>\t\t\t\t<\/div>\n\t\t\t\t<\/div>\n\t\t\t\t<div class=\"elementor-element elementor-element-4b7c5a7d elementor-widget__width-inherit elementor-widget elementor-widget-text-editor\" data-id=\"4b7c5a7d\" data-element_type=\"widget\" data-e-type=\"widget\" data-widget_type=\"text-editor.default\">\n\t\t\t\t<div class=\"elementor-widget-container\">\n\t\t\t\t\t\t\t\t\t<p>4.1. No garantim que la web s&#8217;executi sense interrupcions, en temps \u00fatil, fiable, lliure d&#8217;errors o de virus i no ens fem responsable dels possibles danys o perjudicis que es puguin derivar d&#8217;interfer\u00e8ncies, omissions, interrupcions, virus inform\u00e0tics o desconnexions en el sistema operatiu d&#8217;aquest sistema electr\u00f2nic, motivades per causes alienes a PAYET VACANCES S.L.<\/p><p>4.2. \u00c9s responsabilitat de l&#8217;Usuari adoptar totes les mesures t\u00e8cniques adequades per controlar raonablement aquests riscos i evitar danys en els seus equips, p\u00e8rdua de dades i robatori d&#8217;informaci\u00f3 confidencial. A aquests efectes, ha de tenir sistemes actualitzats de detecci\u00f3 de programari malici\u00f3s, com ara virus, troians, etc., aix\u00ed com tenir actualitzats els pegats de seguretat dels corresponents navegadors que utilitzi.<\/p>\t\t\t\t\t\t\t\t<\/div>\n\t\t\t\t<\/div>\n\t\t\t\t<div class=\"elementor-element elementor-element-2e4e3272 elementor-widget elementor-widget-heading\" data-id=\"2e4e3272\" data-element_type=\"widget\" data-e-type=\"widget\" data-widget_type=\"heading.default\">\n\t\t\t\t<div class=\"elementor-widget-container\">\n\t\t\t\t\t<h2 class=\"elementor-heading-title elementor-size-default\">5. Obligaci\u00f3 dels Usuaris<\/h2>\t\t\t\t<\/div>\n\t\t\t\t<\/div>\n\t\t\t\t<div class=\"elementor-element elementor-element-1c51ebd elementor-widget__width-inherit elementor-widget elementor-widget-text-editor\" data-id=\"1c51ebd\" data-element_type=\"widget\" data-e-type=\"widget\" data-widget_type=\"text-editor.default\">\n\t\t\t\t<div class=\"elementor-widget-container\">\n\t\t\t\t\t\t\t\t\t<p>L&#8217;Usuari es compromet a:<\/p><p>5.1. Proporcionar a tots els formularis del web dades veraces i a mantenir aquestes dades actualitzades. L&#8217;Usuari s&#8217;obliga a no utilitzar identitats falses, ni suplantar la identitat d&#8217;altres en la utilitzaci\u00f3 del web;<\/p><p>5.2. No utilitzar imatges o informaci\u00f3 amb car\u00e0cter difamatori, injuri\u00f3s, obsc\u00e8, amena\u00e7ador, xen\u00f2fob, que inciti a la viol\u00e8ncia a la discriminaci\u00f3 per ra\u00f3 de ra\u00e7a, sexe, ideologia, religi\u00f3 o que de qualsevol forma atempti contra la moral, l&#8217;ordre p\u00fablic, els drets fonamentals, les llibertats p\u00fabliques, l&#8217;honor, la intimitat o la imatge de tercers i en general la normativa vigent;<\/p><p>5.3. No introduir, emmagatzemar o difondre qualsevol contingut que infringeixi drets de propietat intel\u00b7lectual i industrial, el secret de les comunicacions i la legislaci\u00f3 de protecci\u00f3 de dades de car\u00e0cter personal;<\/p><p>5.4. No utilitzar la web per realitzar activitats publicit\u00e0ries, promocionals o d&#8217;explotaci\u00f3 comercial;<\/p><p>5.5. No introduir, emmagatzemar o difondre cap programa d&#8217;ordinador, dades, virus, codi, equip de maquinari o de telecomunicacions o qualsevol altre instrument o dispositiu electr\u00f2nic o f\u00edsic que sigui susceptible de causar danys en la web o d&#8217;impedir el normal funcionament dels mateixos;<\/p><p>5.6. No destruir, alterar, utilitzar per al seu \u00fas, inutilitzar o danyar les dades, informacions, programes o documents electr\u00f2nics de PAYET VACANCES S.L., els seus prove\u00efdors o tercers;<\/p><p>5.7. No introduir o difondre qualsevol informaci\u00f3 i continguts falsos, ambigus o inexactes de manera que indueixi a error als receptors de la informaci\u00f3.<\/p>\t\t\t\t\t\t\t\t<\/div>\n\t\t\t\t<\/div>\n\t\t\t\t<div class=\"elementor-element elementor-element-4ae93c63 elementor-widget elementor-widget-heading\" data-id=\"4ae93c63\" data-element_type=\"widget\" data-e-type=\"widget\" data-widget_type=\"heading.default\">\n\t\t\t\t<div class=\"elementor-widget-container\">\n\t\t\t\t\t<h2 class=\"elementor-heading-title elementor-size-default\">6. Menors d'Edat<\/h2>\t\t\t\t<\/div>\n\t\t\t\t<\/div>\n\t\t\t\t<div class=\"elementor-element elementor-element-1fd0beda elementor-widget__width-inherit elementor-widget elementor-widget-text-editor\" data-id=\"1fd0beda\" data-element_type=\"widget\" data-e-type=\"widget\" data-widget_type=\"text-editor.default\">\n\t\t\t\t<div class=\"elementor-widget-container\">\n\t\t\t\t\t\t\t\t\t<p>Amb car\u00e0cter general, per fer \u00fas del servei els menors d&#8217;edat han d&#8217;haver obtingut pr\u00e8viament l&#8217;autoritzaci\u00f3 dels seus pares, tutors o representants legals, que seran responsables de tots els actes realitzats a trav\u00e9s del web pels menors al seu c\u00e0rrec. En aquells serveis en qu\u00e8 expressament s&#8217;assenyali o que estigui determinat per llei, l&#8217;acc\u00e9s quedar\u00e0 restringit \u00fanica i exclusivament a majors de 18 anys.<\/p>\t\t\t\t\t\t\t\t<\/div>\n\t\t\t\t<\/div>\n\t\t\t\t<div class=\"elementor-element elementor-element-6651fa9d elementor-widget elementor-widget-heading\" data-id=\"6651fa9d\" data-element_type=\"widget\" data-e-type=\"widget\" data-widget_type=\"heading.default\">\n\t\t\t\t<div class=\"elementor-widget-container\">\n\t\t\t\t\t<h2 class=\"elementor-heading-title elementor-size-default\">7. Durada i terminaci\u00f3<\/h2>\t\t\t\t<\/div>\n\t\t\t\t<\/div>\n\t\t\t\t<div class=\"elementor-element elementor-element-7001a8ae elementor-widget__width-inherit elementor-widget elementor-widget-text-editor\" data-id=\"7001a8ae\" data-element_type=\"widget\" data-e-type=\"widget\" data-widget_type=\"text-editor.default\">\n\t\t\t\t<div class=\"elementor-widget-container\">\n\t\t\t\t\t\t\t\t\t<p>La posada a disposici\u00f3 dels serveis t\u00e9 una durada indefinida. Sense perjudici de l&#8217;anterior, estem facultats per donar per acabada, suspendre o interrompre unilateralment, en qualsevol moment i sense necessitat de preav\u00eds, la comercialitzaci\u00f3 dels nostres productes.<\/p>\t\t\t\t\t\t\t\t<\/div>\n\t\t\t\t<\/div>\n\t\t\t\t<div class=\"elementor-element elementor-element-54d79f60 elementor-widget elementor-widget-heading\" data-id=\"54d79f60\" data-element_type=\"widget\" data-e-type=\"widget\" data-widget_type=\"heading.default\">\n\t\t\t\t<div class=\"elementor-widget-container\">\n\t\t\t\t\t<h2 class=\"elementor-heading-title elementor-size-default\">8. Llei aplicable i jurisdicci\u00f3<\/h2>\t\t\t\t<\/div>\n\t\t\t\t<\/div>\n\t\t\t\t<div class=\"elementor-element elementor-element-628356d3 elementor-widget__width-inherit elementor-widget elementor-widget-text-editor\" data-id=\"628356d3\" data-element_type=\"widget\" data-e-type=\"widget\" data-widget_type=\"text-editor.default\">\n\t\t\t\t<div class=\"elementor-widget-container\">\n\t\t\t\t\t\t\t\t\t<p>Aquest Av\u00eds Legal es regeix per la llei espanyola. Les parts se sotmeten, a elecci\u00f3, per a la resoluci\u00f3 dels conflictes i amb ren\u00fancia a qualsevol altre fur, als jutjats i tribunals de el domicili de Girona.<\/p>\t\t\t\t\t\t\t\t<\/div>\n\t\t\t\t<\/div>\n\t\t\t\t\t<\/div>\n\t\t<\/div>\n\t\t\t\t\t<\/div>\n\t\t<\/section>\n\t\t\t\t<\/div>\n\t\t\t\t<\/div>\n\t\t\t\t\t\t<\/div>\n\t\t\t\t<\/div>\n\t\t\t\t\t<\/div>\n\t\t<\/div>\n\t\t\t\t\t<\/div>\n\t\t<\/section>\n\t\t\t\t<\/div>\n\t\t","protected":false},"excerpt":{"rendered":"","protected":false},"author":1,"featured_media":0,"parent":0,"menu_order":0,"comment_status":"closed","ping_status":"closed","template":"elementor_header_footer","meta":{"inline_featured_image":false,"footnotes":""},"class_list":["post-4927","page","type-page","status-publish","hentry"],"yoast_head":"<!-- This site is optimized with the Yoast SEO plugin v27.3 - https:\/\/yoast.com\/product\/yoast-seo-wordpress\/ -->\n<title>AVIS L\u00c9GAL - Payet Vacances<\/title>\n<meta name=\"robots\" content=\"noindex, nofollow\" \/>\n<meta property=\"og:locale\" content=\"fr_FR\" \/>\n<meta property=\"og:type\" content=\"article\" \/>\n<meta property=\"og:title\" content=\"AVIS L\u00c9GAL - Payet Vacances\" \/>\n<meta property=\"og:url\" content=\"https:\/\/payetvacances.com\/fr\/avis-legal\/\" \/>\n<meta property=\"og:site_name\" content=\"Payet Vacances\" \/>\n<meta name=\"twitter:card\" content=\"summary_large_image\" \/>\n<script type=\"application\/ld+json\" class=\"yoast-schema-graph\">{\"@context\":\"https:\\\/\\\/schema.org\",\"@graph\":[{\"@type\":\"WebPage\",\"@id\":\"https:\\\/\\\/payetvacances.com\\\/fr\\\/avis-legal\\\/\",\"url\":\"https:\\\/\\\/payetvacances.com\\\/fr\\\/avis-legal\\\/\",\"name\":\"AVIS L\u00c9GAL - Payet Vacances\",\"isPartOf\":{\"@id\":\"https:\\\/\\\/payetvacances.com\\\/fr\\\/#website\"},\"datePublished\":\"2023-12-14T17:59:45+00:00\",\"breadcrumb\":{\"@id\":\"https:\\\/\\\/payetvacances.com\\\/fr\\\/avis-legal\\\/#breadcrumb\"},\"inLanguage\":\"fr-FR\",\"potentialAction\":[{\"@type\":\"ReadAction\",\"target\":[\"https:\\\/\\\/payetvacances.com\\\/fr\\\/avis-legal\\\/\"]}]},{\"@type\":\"BreadcrumbList\",\"@id\":\"https:\\\/\\\/payetvacances.com\\\/fr\\\/avis-legal\\\/#breadcrumb\",\"itemListElement\":[{\"@type\":\"ListItem\",\"position\":1,\"name\":\"Inici\",\"item\":\"https:\\\/\\\/payetvacances.com\\\/fr\\\/\"},{\"@type\":\"ListItem\",\"position\":2,\"name\":\"AVIS L\u00c9GAL\"}]},{\"@type\":\"WebSite\",\"@id\":\"https:\\\/\\\/payetvacances.com\\\/fr\\\/#website\",\"url\":\"https:\\\/\\\/payetvacances.com\\\/fr\\\/\",\"name\":\"Payet Vacances\",\"description\":\"Venda i lloguer de cases i apartaments a l&#039;Estartit i la Costa Brava\",\"publisher\":{\"@id\":\"https:\\\/\\\/payetvacances.com\\\/fr\\\/#organization\"},\"potentialAction\":[{\"@type\":\"SearchAction\",\"target\":{\"@type\":\"EntryPoint\",\"urlTemplate\":\"https:\\\/\\\/payetvacances.com\\\/fr\\\/?s={search_term_string}\"},\"query-input\":{\"@type\":\"PropertyValueSpecification\",\"valueRequired\":true,\"valueName\":\"search_term_string\"}}],\"inLanguage\":\"fr-FR\"},{\"@type\":\"Organization\",\"@id\":\"https:\\\/\\\/payetvacances.com\\\/fr\\\/#organization\",\"name\":\"Payet Vacances\",\"alternateName\":\"Finques Payet\",\"url\":\"https:\\\/\\\/payetvacances.com\\\/fr\\\/\",\"logo\":{\"@type\":\"ImageObject\",\"inLanguage\":\"fr-FR\",\"@id\":\"https:\\\/\\\/payetvacances.com\\\/fr\\\/#\\\/schema\\\/logo\\\/image\\\/\",\"url\":\"https:\\\/\\\/payetvacances.com\\\/wp-content\\\/uploads\\\/2021\\\/04\\\/logo-vacances.svg\",\"contentUrl\":\"https:\\\/\\\/payetvacances.com\\\/wp-content\\\/uploads\\\/2021\\\/04\\\/logo-vacances.svg\",\"width\":\"1024\",\"height\":\"1024\",\"caption\":\"Payet Vacances\"},\"image\":{\"@id\":\"https:\\\/\\\/payetvacances.com\\\/fr\\\/#\\\/schema\\\/logo\\\/image\\\/\"}}]}<\/script>\n<!-- \/ Yoast SEO plugin. -->","yoast_head_json":{"title":"AVIS L\u00c9GAL - Payet Vacances","robots":{"index":"noindex","follow":"nofollow"},"og_locale":"fr_FR","og_type":"article","og_title":"AVIS L\u00c9GAL - Payet Vacances","og_url":"https:\/\/payetvacances.com\/fr\/avis-legal\/","og_site_name":"Payet Vacances","twitter_card":"summary_large_image","schema":{"@context":"https:\/\/schema.org","@graph":[{"@type":"WebPage","@id":"https:\/\/payetvacances.com\/fr\/avis-legal\/","url":"https:\/\/payetvacances.com\/fr\/avis-legal\/","name":"AVIS L\u00c9GAL - Payet Vacances","isPartOf":{"@id":"https:\/\/payetvacances.com\/fr\/#website"},"datePublished":"2023-12-14T17:59:45+00:00","breadcrumb":{"@id":"https:\/\/payetvacances.com\/fr\/avis-legal\/#breadcrumb"},"inLanguage":"fr-FR","potentialAction":[{"@type":"ReadAction","target":["https:\/\/payetvacances.com\/fr\/avis-legal\/"]}]},{"@type":"BreadcrumbList","@id":"https:\/\/payetvacances.com\/fr\/avis-legal\/#breadcrumb","itemListElement":[{"@type":"ListItem","position":1,"name":"Inici","item":"https:\/\/payetvacances.com\/fr\/"},{"@type":"ListItem","position":2,"name":"AVIS L\u00c9GAL"}]},{"@type":"WebSite","@id":"https:\/\/payetvacances.com\/fr\/#website","url":"https:\/\/payetvacances.com\/fr\/","name":"Payet Vacances","description":"Venda i lloguer de cases i apartaments a l&#039;Estartit i la Costa Brava","publisher":{"@id":"https:\/\/payetvacances.com\/fr\/#organization"},"potentialAction":[{"@type":"SearchAction","target":{"@type":"EntryPoint","urlTemplate":"https:\/\/payetvacances.com\/fr\/?s={search_term_string}"},"query-input":{"@type":"PropertyValueSpecification","valueRequired":true,"valueName":"search_term_string"}}],"inLanguage":"fr-FR"},{"@type":"Organization","@id":"https:\/\/payetvacances.com\/fr\/#organization","name":"Payet Vacances","alternateName":"Finques Payet","url":"https:\/\/payetvacances.com\/fr\/","logo":{"@type":"ImageObject","inLanguage":"fr-FR","@id":"https:\/\/payetvacances.com\/fr\/#\/schema\/logo\/image\/","url":"https:\/\/payetvacances.com\/wp-content\/uploads\/2021\/04\/logo-vacances.svg","contentUrl":"https:\/\/payetvacances.com\/wp-content\/uploads\/2021\/04\/logo-vacances.svg","width":"1024","height":"1024","caption":"Payet Vacances"},"image":{"@id":"https:\/\/payetvacances.com\/fr\/#\/schema\/logo\/image\/"}}]}},"_links":{"self":[{"href":"https:\/\/payetvacances.com\/fr\/wp-json\/wp\/v2\/pages\/4927","targetHints":{"allow":["GET"]}}],"collection":[{"href":"https:\/\/payetvacances.com\/fr\/wp-json\/wp\/v2\/pages"}],"about":[{"href":"https:\/\/payetvacances.com\/fr\/wp-json\/wp\/v2\/types\/page"}],"author":[{"embeddable":true,"href":"https:\/\/payetvacances.com\/fr\/wp-json\/wp\/v2\/users\/1"}],"replies":[{"embeddable":true,"href":"https:\/\/payetvacances.com\/fr\/wp-json\/wp\/v2\/comments?post=4927"}],"version-history":[{"count":1,"href":"https:\/\/payetvacances.com\/fr\/wp-json\/wp\/v2\/pages\/4927\/revisions"}],"predecessor-version":[{"id":4928,"href":"https:\/\/payetvacances.com\/fr\/wp-json\/wp\/v2\/pages\/4927\/revisions\/4928"}],"wp:attachment":[{"href":"https:\/\/payetvacances.com\/fr\/wp-json\/wp\/v2\/media?parent=4927"}],"curies":[{"name":"wp","href":"https:\/\/api.w.org\/{rel}","templated":true}]}}