{"id":4883,"date":"2023-12-12T17:45:31","date_gmt":"2023-12-12T17:45:31","guid":{"rendered":"https:\/\/payetvacances.com\/politica-de-privacidad\/"},"modified":"2023-12-12T17:45:31","modified_gmt":"2023-12-12T17:45:31","slug":"politica-de-privacidad","status":"publish","type":"page","link":"https:\/\/payetvacances.com\/es\/politica-de-privacidad\/","title":{"rendered":"POL\u00cdTICA DE PRIVACIDAD"},"content":{"rendered":"\t\t<div data-elementor-type=\"wp-page\" data-elementor-id=\"4883\" class=\"elementor elementor-4883 elementor-4336\" data-elementor-post-type=\"page\">\n\t\t\t\t\t\t<section class=\"elementor-section elementor-top-section elementor-element elementor-element-b37fc3a elementor-section-boxed elementor-section-height-default elementor-section-height-default\" data-id=\"b37fc3a\" data-element_type=\"section\" data-e-type=\"section\">\n\t\t\t\t\t\t<div class=\"elementor-container elementor-column-gap-no\">\n\t\t\t\t\t<div class=\"elementor-column elementor-col-100 elementor-top-column elementor-element elementor-element-aed4a8f\" data-id=\"aed4a8f\" data-element_type=\"column\" data-e-type=\"column\">\n\t\t\t<div class=\"elementor-widget-wrap elementor-element-populated\">\n\t\t\t\t\t\t<div class=\"elementor-element elementor-element-8f49445 elementor-widget elementor-widget-template\" data-id=\"8f49445\" data-element_type=\"widget\" data-e-type=\"widget\" data-widget_type=\"template.default\">\n\t\t\t\t<div class=\"elementor-widget-container\">\n\t\t\t\t\t\t\t<div class=\"elementor-template\">\n\t\t\t\t\t<div data-elementor-type=\"page\" data-elementor-id=\"4342\" class=\"elementor elementor-4342\" data-elementor-post-type=\"elementor_library\">\n\t\t\t\t\t\t<section class=\"elementor-section elementor-top-section elementor-element elementor-element-1dd88d9a elementor-section-full_width elementor-section-height-default elementor-section-height-default\" data-id=\"1dd88d9a\" data-element_type=\"section\" data-e-type=\"section\" data-settings=\"{&quot;background_background&quot;:&quot;classic&quot;}\">\n\t\t\t\t\t\t<div class=\"elementor-container elementor-column-gap-no\">\n\t\t\t\t\t<div class=\"elementor-column elementor-col-100 elementor-top-column elementor-element elementor-element-4fed4f4b\" data-id=\"4fed4f4b\" data-element_type=\"column\" data-e-type=\"column\">\n\t\t\t<div class=\"elementor-widget-wrap elementor-element-populated\">\n\t\t\t\t\t\t<div class=\"elementor-element elementor-element-419b96f8 elementor-widget elementor-widget-heading\" data-id=\"419b96f8\" data-element_type=\"widget\" data-e-type=\"widget\" data-widget_type=\"heading.default\">\n\t\t\t\t<div class=\"elementor-widget-container\">\n\t\t\t\t\t<p class=\"elementor-heading-title elementor-size-default\">Pol\u00edtica de privadesa<\/p>\t\t\t\t<\/div>\n\t\t\t\t<\/div>\n\t\t\t\t<div class=\"elementor-element elementor-element-23432723 elementor-widget elementor-widget-heading\" data-id=\"23432723\" data-element_type=\"widget\" data-e-type=\"widget\" data-widget_type=\"heading.default\">\n\t\t\t\t<div class=\"elementor-widget-container\">\n\t\t\t\t\t<p class=\"elementor-heading-title elementor-size-default\">Qui \u00e9s el responsable del tractament de les dades personals?<\/p>\t\t\t\t<\/div>\n\t\t\t\t<\/div>\n\t\t\t\t<div class=\"elementor-element elementor-element-547e312 elementor-widget__width-inherit elementor-widget elementor-widget-text-editor\" data-id=\"547e312\" data-element_type=\"widget\" data-e-type=\"widget\" data-widget_type=\"text-editor.default\">\n\t\t\t\t<div class=\"elementor-widget-container\">\n\t\t\t\t\t\t\t\t\t<p>El responsable del tractament de les dades personals \u00e9s la PAYET VACANCES S.L., domiciliada a AVENIDA GRECIA, 25, Torroella de Montgr\u00ed ( 17258), Girona, Espanya, amb CIF B17062373 &#8211; info@payetvacances.com.<\/p>\t\t\t\t\t\t\t\t<\/div>\n\t\t\t\t<\/div>\n\t\t\t\t<div class=\"elementor-element elementor-element-9221d8b elementor-widget elementor-widget-heading\" data-id=\"9221d8b\" data-element_type=\"widget\" data-e-type=\"widget\" data-widget_type=\"heading.default\">\n\t\t\t\t<div class=\"elementor-widget-container\">\n\t\t\t\t\t<p class=\"elementor-heading-title elementor-size-default\">Amb quina finalitat i amb quina legitimaci\u00f3 tractem les dades?<\/p>\t\t\t\t<\/div>\n\t\t\t\t<\/div>\n\t\t\t\t<div class=\"elementor-element elementor-element-22e7cd42 elementor-widget__width-inherit elementor-widget elementor-widget-text-editor\" data-id=\"22e7cd42\" data-element_type=\"widget\" data-e-type=\"widget\" data-widget_type=\"text-editor.default\">\n\t\t\t\t<div class=\"elementor-widget-container\">\n\t\t\t\t\t\t\t\t\t<p>Contacte. Atenem les consultes de les persones que contacten amb nosaltres per mitj\u00e0 del correu electr\u00f2nic, formularis de contacte de la nostra web o telef\u00f2nicament. Tractem aquestes dades amb el consentiment de la persona que se\u2019ns ha adre\u00e7at.<\/p><p>Serveis als clients. Registrem els clients i les dades addicionals que es puguin generar com a resultat de la relaci\u00f3 comercial amb aquests clients. La relaci\u00f3 comercial comporta incorporar les dades a la comptabilitat, la facturaci\u00f3 o informaci\u00f3 a l\u2019administraci\u00f3 tribut\u00e0ria. Tractem aquestes dades en compliment de les relacions contractuals i d\u2019obligacions legals.<\/p><p>Gesti\u00f3 de les dades dels nostres prove\u00efdors. Tractem les dades dels prove\u00efdors de qui obtenim serveis o b\u00e9ns. Obtenim les dades necess\u00e0ries per mantenir la relaci\u00f3 comercial i els destinem \u00fanicament a aquesta finalitat. Tractem aquestes dades en compliment de les relacions contractuals i d\u2019obligacions legals.<\/p><p>Informaci\u00f3 de productes i serveis. Amb l\u2019autoritzaci\u00f3 del clients les seves dades de contacte s\u2019utilitzen per enviar publicitat relacionada amb els nostres serveis o productes. Tractem aquestes dades en base al consentiment de la persona que rep les comunicacions.<\/p>\t\t\t\t\t\t\t\t<\/div>\n\t\t\t\t<\/div>\n\t\t\t\t<div class=\"elementor-element elementor-element-298fe1a7 elementor-widget elementor-widget-heading\" data-id=\"298fe1a7\" data-element_type=\"widget\" data-e-type=\"widget\" data-widget_type=\"heading.default\">\n\t\t\t\t<div class=\"elementor-widget-container\">\n\t\t\t\t\t<p class=\"elementor-heading-title elementor-size-default\">A qui es comuniquen les dades?<\/p>\t\t\t\t<\/div>\n\t\t\t\t<\/div>\n\t\t\t\t<div class=\"elementor-element elementor-element-3896c029 elementor-widget__width-inherit elementor-widget elementor-widget-text-editor\" data-id=\"3896c029\" data-element_type=\"widget\" data-e-type=\"widget\" data-widget_type=\"text-editor.default\">\n\t\t\t\t<div class=\"elementor-widget-container\">\n\t\t\t\t\t\t\t\t\tComplim l\u2019obligaci\u00f3 legal de limitar al m\u00e0xim el termini de conservaci\u00f3 de les dades. Per aquest motiu es conserven nom\u00e9s el temps necessari i justificat per la finalitat que en va motivar l\u2019obtenci\u00f3. En determinats casos, com les dades que figuren en la documentaci\u00f3 comptable i la facturaci\u00f3, la normativa fiscal obliga a conservar-les fins que no prescriguin les responsabilitats en aquesta mat\u00e8ria. En el cas de les dades que es tracten en base al consentiment de la persona interessada, es conserven fins que aquesta persona no revoca aquest consentiment.\t\t\t\t\t\t\t\t<\/div>\n\t\t\t\t<\/div>\n\t\t\t\t<div class=\"elementor-element elementor-element-139ed6e1 elementor-widget elementor-widget-heading\" data-id=\"139ed6e1\" data-element_type=\"widget\" data-e-type=\"widget\" data-widget_type=\"heading.default\">\n\t\t\t\t<div class=\"elementor-widget-container\">\n\t\t\t\t\t<p class=\"elementor-heading-title elementor-size-default\">Quins drets tenen les persones en relaci\u00f3 a les dades que tractem?<\/p>\t\t\t\t<\/div>\n\t\t\t\t<\/div>\n\t\t\t\t<div class=\"elementor-element elementor-element-4fa43380 elementor-widget__width-inherit elementor-widget elementor-widget-text-editor\" data-id=\"4fa43380\" data-element_type=\"widget\" data-e-type=\"widget\" data-widget_type=\"text-editor.default\">\n\t\t\t\t<div class=\"elementor-widget-container\">\n\t\t\t\t\t\t\t\t\t<p>Les persones de qui tractem dades tenen els drets seg\u00fcents:<br \/>A accedir-hi. Dret a saber quines dades personals s\u00f3n objecte de tractament, quina \u00e9s la finalitat per la que es tracten, les comunicacions a altres persones, el dret a obtenir-ne c\u00f2pia o a saber el termini previst de conservaci\u00f3.<br \/>A demanar-ne la rectificaci\u00f3. Dret a fer rectificar les dades inexactes.<br \/>A demanar-ne la supressi\u00f3. Dret a demanar la supressi\u00f3 de les dades quan, entre altres motius, no siguin necess\u00e0ries per als fins per als quals van ser recollides i en van justificar el tractament.<br \/>Demanar la limitaci\u00f3 del tractament. En determinades circumst\u00e0ncies existeix el dret a demanar la limitaci\u00f3 del tractament de les dades: deixaran de ser tractades i nom\u00e9s es conservaran per a l&#8217;exercici o la defensa de reclamacions.<br \/>A la portabilitat. Dret a obtenir les dades personals en un format d&#8217;\u00fas com\u00fa llegible per m\u00e0quina, i a transmetre-les a un altre responsable del tractament si aix\u00ed ho decideix l\u2019interessat.<br \/>A oposar-se al tractament. En adduir motius relacionats amb la seva situaci\u00f3 particular, una persona ens pot demanar que deixem de tractar les seves dades si li pot comportar un perjudici.<\/p>\t\t\t\t\t\t\t\t<\/div>\n\t\t\t\t<\/div>\n\t\t\t\t<div class=\"elementor-element elementor-element-47a91e7a elementor-widget elementor-widget-heading\" data-id=\"47a91e7a\" data-element_type=\"widget\" data-e-type=\"widget\" data-widget_type=\"heading.default\">\n\t\t\t\t<div class=\"elementor-widget-container\">\n\t\t\t\t\t<p class=\"elementor-heading-title elementor-size-default\">Com es poden exercir o defensar els drets?<\/p>\t\t\t\t<\/div>\n\t\t\t\t<\/div>\n\t\t\t\t<div class=\"elementor-element elementor-element-1fb11eba elementor-widget__width-inherit elementor-widget elementor-widget-text-editor\" data-id=\"1fb11eba\" data-element_type=\"widget\" data-e-type=\"widget\" data-widget_type=\"text-editor.default\">\n\t\t\t\t<div class=\"elementor-widget-container\">\n\t\t\t\t\t\t\t\t\t<p>Els drets que acabem d\u2019enumerar es poden exercir adre\u00e7ant una sol\u00b7licitud escrita a PAYET VACANCES S.L. a la nostra adre\u00e7a postal o b\u00e9 enviant un correu electr\u00f2nic a info@payetvacances.com indicant en tots els casos &#8220;Protecci\u00f3 de dades personals\u201d. Si no s\u2019ha obtingut resposta satisfact\u00f2ria en l\u2019exercici dels drets \u00e9s possible presentar una reclamaci\u00f3 davant l\u2019Ag\u00e8ncia Espanyola de Protecci\u00f3 de Dades, per mitj\u00e0 dels formularis o altres canals accessibles des de la seva p\u00e0gina www.agpd.es.<\/p>\t\t\t\t\t\t\t\t<\/div>\n\t\t\t\t<\/div>\n\t\t\t\t\t<\/div>\n\t\t<\/div>\n\t\t\t\t\t<\/div>\n\t\t<\/section>\n\t\t\t\t<\/div>\n\t\t\t\t<\/div>\n\t\t\t\t\t\t<\/div>\n\t\t\t\t<\/div>\n\t\t\t\t\t<\/div>\n\t\t<\/div>\n\t\t\t\t\t<\/div>\n\t\t<\/section>\n\t\t\t\t<\/div>\n\t\t","protected":false},"excerpt":{"rendered":"","protected":false},"author":1,"featured_media":0,"parent":0,"menu_order":0,"comment_status":"closed","ping_status":"closed","template":"elementor_header_footer","meta":{"inline_featured_image":false,"footnotes":""},"class_list":["post-4883","page","type-page","status-publish","hentry"],"yoast_head":"<!-- This site is optimized with the Yoast SEO plugin v27.3 - https:\/\/yoast.com\/product\/yoast-seo-wordpress\/ -->\n<title>POL\u00cdTICA DE PRIVACIDAD - Payet Vacances<\/title>\n<meta name=\"robots\" content=\"noindex, nofollow\" \/>\n<meta property=\"og:locale\" content=\"es_ES\" \/>\n<meta property=\"og:type\" content=\"article\" \/>\n<meta property=\"og:title\" content=\"POL\u00cdTICA DE PRIVACIDAD - Payet Vacances\" \/>\n<meta property=\"og:url\" content=\"https:\/\/payetvacances.com\/es\/politica-de-privacidad\/\" \/>\n<meta property=\"og:site_name\" content=\"Payet Vacances\" \/>\n<meta name=\"twitter:card\" content=\"summary_large_image\" \/>\n<script type=\"application\/ld+json\" class=\"yoast-schema-graph\">{\"@context\":\"https:\\\/\\\/schema.org\",\"@graph\":[{\"@type\":\"WebPage\",\"@id\":\"https:\\\/\\\/payetvacances.com\\\/es\\\/politica-de-privacidad\\\/\",\"url\":\"https:\\\/\\\/payetvacances.com\\\/es\\\/politica-de-privacidad\\\/\",\"name\":\"POL\u00cdTICA DE PRIVACIDAD - Payet Vacances\",\"isPartOf\":{\"@id\":\"https:\\\/\\\/payetvacances.com\\\/es\\\/#website\"},\"datePublished\":\"2023-12-12T17:45:31+00:00\",\"breadcrumb\":{\"@id\":\"https:\\\/\\\/payetvacances.com\\\/es\\\/politica-de-privacidad\\\/#breadcrumb\"},\"inLanguage\":\"es\",\"potentialAction\":[{\"@type\":\"ReadAction\",\"target\":[\"https:\\\/\\\/payetvacances.com\\\/es\\\/politica-de-privacidad\\\/\"]}]},{\"@type\":\"BreadcrumbList\",\"@id\":\"https:\\\/\\\/payetvacances.com\\\/es\\\/politica-de-privacidad\\\/#breadcrumb\",\"itemListElement\":[{\"@type\":\"ListItem\",\"position\":1,\"name\":\"Inici\",\"item\":\"https:\\\/\\\/payetvacances.com\\\/es\\\/\"},{\"@type\":\"ListItem\",\"position\":2,\"name\":\"POL\u00cdTICA DE PRIVACIDAD\"}]},{\"@type\":\"WebSite\",\"@id\":\"https:\\\/\\\/payetvacances.com\\\/es\\\/#website\",\"url\":\"https:\\\/\\\/payetvacances.com\\\/es\\\/\",\"name\":\"Payet Vacances\",\"description\":\"Venda i lloguer de cases i apartaments a l&#039;Estartit i la Costa Brava\",\"publisher\":{\"@id\":\"https:\\\/\\\/payetvacances.com\\\/es\\\/#organization\"},\"potentialAction\":[{\"@type\":\"SearchAction\",\"target\":{\"@type\":\"EntryPoint\",\"urlTemplate\":\"https:\\\/\\\/payetvacances.com\\\/es\\\/?s={search_term_string}\"},\"query-input\":{\"@type\":\"PropertyValueSpecification\",\"valueRequired\":true,\"valueName\":\"search_term_string\"}}],\"inLanguage\":\"es\"},{\"@type\":\"Organization\",\"@id\":\"https:\\\/\\\/payetvacances.com\\\/es\\\/#organization\",\"name\":\"Payet Vacances\",\"alternateName\":\"Finques Payet\",\"url\":\"https:\\\/\\\/payetvacances.com\\\/es\\\/\",\"logo\":{\"@type\":\"ImageObject\",\"inLanguage\":\"es\",\"@id\":\"https:\\\/\\\/payetvacances.com\\\/es\\\/#\\\/schema\\\/logo\\\/image\\\/\",\"url\":\"https:\\\/\\\/payetvacances.com\\\/wp-content\\\/uploads\\\/2021\\\/04\\\/logo-vacances.svg\",\"contentUrl\":\"https:\\\/\\\/payetvacances.com\\\/wp-content\\\/uploads\\\/2021\\\/04\\\/logo-vacances.svg\",\"width\":\"1024\",\"height\":\"1024\",\"caption\":\"Payet Vacances\"},\"image\":{\"@id\":\"https:\\\/\\\/payetvacances.com\\\/es\\\/#\\\/schema\\\/logo\\\/image\\\/\"}}]}<\/script>\n<!-- \/ Yoast SEO plugin. -->","yoast_head_json":{"title":"POL\u00cdTICA DE PRIVACIDAD - Payet Vacances","robots":{"index":"noindex","follow":"nofollow"},"og_locale":"es_ES","og_type":"article","og_title":"POL\u00cdTICA DE PRIVACIDAD - Payet Vacances","og_url":"https:\/\/payetvacances.com\/es\/politica-de-privacidad\/","og_site_name":"Payet Vacances","twitter_card":"summary_large_image","schema":{"@context":"https:\/\/schema.org","@graph":[{"@type":"WebPage","@id":"https:\/\/payetvacances.com\/es\/politica-de-privacidad\/","url":"https:\/\/payetvacances.com\/es\/politica-de-privacidad\/","name":"POL\u00cdTICA DE PRIVACIDAD - Payet Vacances","isPartOf":{"@id":"https:\/\/payetvacances.com\/es\/#website"},"datePublished":"2023-12-12T17:45:31+00:00","breadcrumb":{"@id":"https:\/\/payetvacances.com\/es\/politica-de-privacidad\/#breadcrumb"},"inLanguage":"es","potentialAction":[{"@type":"ReadAction","target":["https:\/\/payetvacances.com\/es\/politica-de-privacidad\/"]}]},{"@type":"BreadcrumbList","@id":"https:\/\/payetvacances.com\/es\/politica-de-privacidad\/#breadcrumb","itemListElement":[{"@type":"ListItem","position":1,"name":"Inici","item":"https:\/\/payetvacances.com\/es\/"},{"@type":"ListItem","position":2,"name":"POL\u00cdTICA DE PRIVACIDAD"}]},{"@type":"WebSite","@id":"https:\/\/payetvacances.com\/es\/#website","url":"https:\/\/payetvacances.com\/es\/","name":"Payet Vacances","description":"Venda i lloguer de cases i apartaments a l&#039;Estartit i la Costa Brava","publisher":{"@id":"https:\/\/payetvacances.com\/es\/#organization"},"potentialAction":[{"@type":"SearchAction","target":{"@type":"EntryPoint","urlTemplate":"https:\/\/payetvacances.com\/es\/?s={search_term_string}"},"query-input":{"@type":"PropertyValueSpecification","valueRequired":true,"valueName":"search_term_string"}}],"inLanguage":"es"},{"@type":"Organization","@id":"https:\/\/payetvacances.com\/es\/#organization","name":"Payet Vacances","alternateName":"Finques Payet","url":"https:\/\/payetvacances.com\/es\/","logo":{"@type":"ImageObject","inLanguage":"es","@id":"https:\/\/payetvacances.com\/es\/#\/schema\/logo\/image\/","url":"https:\/\/payetvacances.com\/wp-content\/uploads\/2021\/04\/logo-vacances.svg","contentUrl":"https:\/\/payetvacances.com\/wp-content\/uploads\/2021\/04\/logo-vacances.svg","width":"1024","height":"1024","caption":"Payet Vacances"},"image":{"@id":"https:\/\/payetvacances.com\/es\/#\/schema\/logo\/image\/"}}]}},"_links":{"self":[{"href":"https:\/\/payetvacances.com\/es\/wp-json\/wp\/v2\/pages\/4883","targetHints":{"allow":["GET"]}}],"collection":[{"href":"https:\/\/payetvacances.com\/es\/wp-json\/wp\/v2\/pages"}],"about":[{"href":"https:\/\/payetvacances.com\/es\/wp-json\/wp\/v2\/types\/page"}],"author":[{"embeddable":true,"href":"https:\/\/payetvacances.com\/es\/wp-json\/wp\/v2\/users\/1"}],"replies":[{"embeddable":true,"href":"https:\/\/payetvacances.com\/es\/wp-json\/wp\/v2\/comments?post=4883"}],"version-history":[{"count":1,"href":"https:\/\/payetvacances.com\/es\/wp-json\/wp\/v2\/pages\/4883\/revisions"}],"predecessor-version":[{"id":4884,"href":"https:\/\/payetvacances.com\/es\/wp-json\/wp\/v2\/pages\/4883\/revisions\/4884"}],"wp:attachment":[{"href":"https:\/\/payetvacances.com\/es\/wp-json\/wp\/v2\/media?parent=4883"}],"curies":[{"name":"wp","href":"https:\/\/api.w.org\/{rel}","templated":true}]}}