{"id":4881,"date":"2023-12-12T17:44:48","date_gmt":"2023-12-12T17:44:48","guid":{"rendered":"https:\/\/payetvacances.com\/cookies-policy\/"},"modified":"2023-12-12T17:44:48","modified_gmt":"2023-12-12T17:44:48","slug":"cookies-policy","status":"publish","type":"page","link":"https:\/\/payetvacances.com\/en\/cookies-policy\/","title":{"rendered":"COOKIES POLICY"},"content":{"rendered":"\t\t<div data-elementor-type=\"wp-page\" data-elementor-id=\"4881\" class=\"elementor elementor-4881 elementor-4338\" data-elementor-post-type=\"page\">\n\t\t\t\t\t\t<section class=\"elementor-section elementor-top-section elementor-element elementor-element-74f224d elementor-section-boxed elementor-section-height-default elementor-section-height-default\" data-id=\"74f224d\" data-element_type=\"section\" data-e-type=\"section\">\n\t\t\t\t\t\t<div class=\"elementor-container elementor-column-gap-no\">\n\t\t\t\t\t<div class=\"elementor-column elementor-col-100 elementor-top-column elementor-element elementor-element-a5d7dec\" data-id=\"a5d7dec\" data-element_type=\"column\" data-e-type=\"column\">\n\t\t\t<div class=\"elementor-widget-wrap elementor-element-populated\">\n\t\t\t\t\t\t<div class=\"elementor-element elementor-element-c207a10 elementor-widget elementor-widget-template\" data-id=\"c207a10\" data-element_type=\"widget\" data-e-type=\"widget\" data-widget_type=\"template.default\">\n\t\t\t\t<div class=\"elementor-widget-container\">\n\t\t\t\t\t\t\t<div class=\"elementor-template\">\n\t\t\t\t\t<div data-elementor-type=\"page\" data-elementor-id=\"4344\" class=\"elementor elementor-4344\" data-elementor-post-type=\"elementor_library\">\n\t\t\t\t\t\t<section class=\"elementor-section elementor-top-section elementor-element elementor-element-4f3b7992 elementor-section-full_width elementor-section-height-default elementor-section-height-default\" data-id=\"4f3b7992\" data-element_type=\"section\" data-e-type=\"section\" data-settings=\"{&quot;background_background&quot;:&quot;classic&quot;}\">\n\t\t\t\t\t\t<div class=\"elementor-container elementor-column-gap-no\">\n\t\t\t\t\t<div class=\"elementor-column elementor-col-100 elementor-top-column elementor-element elementor-element-6888bebb\" data-id=\"6888bebb\" data-element_type=\"column\" data-e-type=\"column\">\n\t\t\t<div class=\"elementor-widget-wrap elementor-element-populated\">\n\t\t\t\t\t\t<div class=\"elementor-element elementor-element-62588651 elementor-widget elementor-widget-heading\" data-id=\"62588651\" data-element_type=\"widget\" data-e-type=\"widget\" data-widget_type=\"heading.default\">\n\t\t\t\t<div class=\"elementor-widget-container\">\n\t\t\t\t\t<p class=\"elementor-heading-title elementor-size-default\">Pol\u00edtica de cookies<\/p>\t\t\t\t<\/div>\n\t\t\t\t<\/div>\n\t\t\t\t<div class=\"elementor-element elementor-element-6cb82ab9 elementor-widget__width-inherit elementor-widget elementor-widget-text-editor\" data-id=\"6cb82ab9\" data-element_type=\"widget\" data-e-type=\"widget\" data-widget_type=\"text-editor.default\">\n\t\t\t\t<div class=\"elementor-widget-container\">\n\t\t\t\t\t\t\t\t\tPAYET VACANCES S.L. t\u00e9 un clar comprom\u00eds amb la transpar\u00e8ncia i el respecte a les dades personals dels nostres clients i col\u00b7laboradors. Per aquest motiu, indicarem de manera detallada qu\u00e8 \u00e9s una galeta i com les utilitzem.\t\t\t\t\t\t\t\t<\/div>\n\t\t\t\t<\/div>\n\t\t\t\t<div class=\"elementor-element elementor-element-348fa514 elementor-widget elementor-widget-heading\" data-id=\"348fa514\" data-element_type=\"widget\" data-e-type=\"widget\" data-widget_type=\"heading.default\">\n\t\t\t\t<div class=\"elementor-widget-container\">\n\t\t\t\t\t<h2 class=\"elementor-heading-title elementor-size-default\">Qu\u00e8 s\u00f3n les cookies? <\/h2>\t\t\t\t<\/div>\n\t\t\t\t<\/div>\n\t\t\t\t<div class=\"elementor-element elementor-element-75d37bc8 elementor-widget__width-inherit elementor-widget elementor-widget-text-editor\" data-id=\"75d37bc8\" data-element_type=\"widget\" data-e-type=\"widget\" data-widget_type=\"text-editor.default\">\n\t\t\t\t<div class=\"elementor-widget-container\">\n\t\t\t\t\t\t\t\t\t<p>Una galeta \u00e9s un dispositiu d&#8217;emmagatzematge i recuperaci\u00f3 de dades enviats de les p\u00e0gines webs que visita al seu navegador. En general, aquestes tecnologies poden servir per a finalitats molt diverses, com, per exemple, recon\u00e8ixer l i com a usuari, obtenir informaci\u00f3 sobre els h\u00e0bits de navegaci\u00f3, o personalitzar la forma en qu\u00e8 es mostra el contingut. Les galetes tenen un paper molt important i contribueixen a tenir una millor experi\u00e8ncia de navegaci\u00f3 per a l&#8217;usuari.<\/p>\t\t\t\t\t\t\t\t<\/div>\n\t\t\t\t<\/div>\n\t\t\t\t<div class=\"elementor-element elementor-element-61387a87 elementor-widget elementor-widget-heading\" data-id=\"61387a87\" data-element_type=\"widget\" data-e-type=\"widget\" data-widget_type=\"heading.default\">\n\t\t\t\t<div class=\"elementor-widget-container\">\n\t\t\t\t\t<h2 class=\"elementor-heading-title elementor-size-default\">Quins tipus de cookies s'utilitzen en aquesta p\u00e0gina web?<\/h2>\t\t\t\t<\/div>\n\t\t\t\t<\/div>\n\t\t\t\t<div class=\"elementor-element elementor-element-4f6029f2 elementor-widget__width-inherit elementor-widget elementor-widget-text-editor\" data-id=\"4f6029f2\" data-element_type=\"widget\" data-e-type=\"widget\" data-widget_type=\"text-editor.default\">\n\t\t\t\t<div class=\"elementor-widget-container\">\n\t\t\t\t\t\t\t\t\t<p>Utilitzem cookies que s\u00ed recullen dades personals. Indiquem a continuaci\u00f3 perqu\u00e8 serveix cadascuna de les galetes que utilitzem:<\/p><p>\u2022 Galetes pr\u00f2pies: aquelles que s&#8217;envien a l&#8217;equip terminal de l&#8217;usuari des d&#8217;un equip o domini gestionat pel propi editor i des del qual es presta el servei sol\u00b7licitat per l&#8217;usuari.<\/p><p>\u2022 Galetes de sessi\u00f3: dissenyades per a recaptar i emmagatzemar dades mentre l&#8217;usuari accedeix a una p\u00e0gina web. Se solen emprar per emmagatzemar informaci\u00f3 que nom\u00e9s interessa conservar per a la prestaci\u00f3 de el servei sol\u00b7licitat per l&#8217;usuari en una sola ocasi\u00f3.<\/p><p>\u2022 Galetes d&#8217;an\u00e0lisi: permeten el responsable d&#8217;aquestes, el seguiment i an\u00e0lisi del comportament dels usuaris dels llocs web als que estan vinculades. La informaci\u00f3 recollida mitjan\u00e7ant aquest tipus de galetes s&#8217;utilitza en el mesurament de l&#8217;activitat dels llocs web, aplicaci\u00f3 o plataforma i per a l&#8217;elaboraci\u00f3 de perfils de navegaci\u00f3 dels usuaris d&#8217;aquests llocs, aplicacions i plataformes, per tal d&#8217;introduir millores en funci\u00f3 de l&#8217;an\u00e0lisi de les dades d&#8217;\u00fas que fan els usuaris de el servei.<\/p><p>Concretament, s&#8217;utilitza Google Analytics per ajudar al web a analitzar l&#8217;\u00fas que fan els usuaris del lloc web i millorar la usabilitat de la mateixa, per\u00f2 en cap cas s&#8217;associen a dades que poguessin arribar a identificar l&#8217;usuari.<\/p><p>Google Analytics \u00e9s un servei anal\u00edtic de web prestat per Google, Inc., una companyia de Delaware l&#8217;oficina principal a 1600 Amphitheatre Parkway, Mountain View (Calif\u00f2rnia), CA 94043, Estats Units (&#8220;Google&#8221;). L&#8217;usuari pot consultar aqu\u00ed el tipus de cookies utilitzades per Google.<\/p>\t\t\t\t\t\t\t\t<\/div>\n\t\t\t\t<\/div>\n\t\t\t\t<div class=\"elementor-element elementor-element-1e4429 elementor-widget elementor-widget-heading\" data-id=\"1e4429\" data-element_type=\"widget\" data-e-type=\"widget\" data-widget_type=\"heading.default\">\n\t\t\t\t<div class=\"elementor-widget-container\">\n\t\t\t\t\t<h2 class=\"elementor-heading-title elementor-size-default\">Com modificar la configuraci\u00f3 de les cookies<\/h2>\t\t\t\t<\/div>\n\t\t\t\t<\/div>\n\t\t\t\t<div class=\"elementor-element elementor-element-6699fa27 elementor-widget__width-inherit elementor-widget elementor-widget-text-editor\" data-id=\"6699fa27\" data-element_type=\"widget\" data-e-type=\"widget\" data-widget_type=\"text-editor.default\">\n\t\t\t\t<div class=\"elementor-widget-container\">\n\t\t\t\t\t\t\t\t\tPot vost\u00e8 permetre o bloquejar les galetes, aix\u00ed com esborrar les seves dades de navegaci\u00f3 (incloses les galetes) des del navegador que vost\u00e8 utilitza. Consulteu les opcions i instruccions que ofereix el seu navegador per a aix\u00f2. Recordeu que, si accepta les galetes de tercers, haur\u00e0 eliminar des de les opcions de navegador.\n\t\t\t\t\t\t\t\t<\/div>\n\t\t\t\t<\/div>\n\t\t\t\t<div class=\"elementor-element elementor-element-4a692730 elementor-widget elementor-widget-heading\" data-id=\"4a692730\" data-element_type=\"widget\" data-e-type=\"widget\" data-widget_type=\"heading.default\">\n\t\t\t\t<div class=\"elementor-widget-container\">\n\t\t\t\t\t<h2 class=\"elementor-heading-title elementor-size-default\">Per\u00edode de conservaci\u00f3<\/h2>\t\t\t\t<\/div>\n\t\t\t\t<\/div>\n\t\t\t\t<div class=\"elementor-element elementor-element-510563db elementor-widget elementor-widget-html\" data-id=\"510563db\" data-element_type=\"widget\" data-e-type=\"widget\" data-widget_type=\"html.default\">\n\t\t\t\t<div class=\"elementor-widget-container\">\n\t\t\t\t\t<table style=\"color:black; font-family: \"Muli\", Sans-serif;>\r\n<tbody>\r\n<tr>\r\n<th style=\"width: 15%;\">Propietat<\/th>\r\n<th style=\"width: 15%;\">Cookie<\/th>\r\n<th style=\"width: 15%;\">Tipus<\/th>\r\n<th style=\"width: 45%;\">Finalitat<\/th>\r\n<th style=\"width: 10%;\">Pla\u00e7<\/th>\r\n<\/tr>\r\n<tr>\r\n<td>payetvacances.com<\/td>\r\n<td>cookieyes-consent<\/td>\r\n<td>Necessaria<\/td>\r\n<td>CookieYes ha configurat aquesta galeta per recordar les prefer\u00e8ncies de consentiment dels usuaris i, d'aquesta manera, respectar les seves prefer\u00e8ncies en les visites posteriors a aquest lloc. No recopila ni desa cap informaci\u00f3 personal sobre els visitants del web.<\/td>\r\n<td>1 any<\/td>\r\n<\/tr>\r\n<tr>\r\n<td>payetvacances.com<\/td>\r\n<td>elementor<\/td>\r\n<td>Necessaria<\/td>\r\n<td>Aquesta galeta \u00e9s utilitzada pel tema de WordPress del lloc web. Permet al propietari del lloc web implementar o canviar el contingut del lloc web en temps real.<\/td>\r\n<td>mai<\/td>\r\n<\/tr>\r\n<\/tbody>\r\n<\/table>\t\t\t\t\t\t\t<\/div>\n\t\t\t\t<\/div>\n\t\t\t\t<div class=\"elementor-element elementor-element-118cf525 elementor-widget elementor-widget-heading\" data-id=\"118cf525\" data-element_type=\"widget\" data-e-type=\"widget\" data-widget_type=\"heading.default\">\n\t\t\t\t<div class=\"elementor-widget-container\">\n\t\t\t\t\t<h2 class=\"elementor-heading-title elementor-size-default\">Protecci\u00f3 de dades<\/h2>\t\t\t\t<\/div>\n\t\t\t\t<\/div>\n\t\t\t\t<div class=\"elementor-element elementor-element-794800af elementor-widget__width-inherit elementor-widget elementor-widget-text-editor\" data-id=\"794800af\" data-element_type=\"widget\" data-e-type=\"widget\" data-widget_type=\"text-editor.default\">\n\t\t\t\t<div class=\"elementor-widget-container\">\n\t\t\t\t\t\t\t\t\tPodr\u00e0 trobar m\u00e9s informaci\u00f3 sobre com tractem les seves dades i quins s\u00f3n els seus drets en mat\u00e8ria de protecci\u00f3 de dades, en la nostra Pol\u00edtica de Privacitat.\n \n\t\t\t\t\t\t\t\t<\/div>\n\t\t\t\t<\/div>\n\t\t\t\t<div class=\"elementor-element elementor-element-11895311 elementor-widget elementor-widget-heading\" data-id=\"11895311\" data-element_type=\"widget\" data-e-type=\"widget\" data-widget_type=\"heading.default\">\n\t\t\t\t<div class=\"elementor-widget-container\">\n\t\t\t\t\t<h2 class=\"elementor-heading-title elementor-size-default\">Acceptaci\u00f3 de la pol\u00edtica de cookies<\/h2>\t\t\t\t<\/div>\n\t\t\t\t<\/div>\n\t\t\t\t<div class=\"elementor-element elementor-element-346faeb2 elementor-widget__width-inherit elementor-widget elementor-widget-text-editor\" data-id=\"346faeb2\" data-element_type=\"widget\" data-e-type=\"widget\" data-widget_type=\"text-editor.default\">\n\t\t\t\t<div class=\"elementor-widget-container\">\n\t\t\t\t\t\t\t\t\t<p>Si vost\u00e8 accepta l&#8217;\u00fas de les galetes, haur\u00e0 de pr\u00e9mer el bot\u00f3 &#8220;acceptar&#8221;, altrament no s&#8217;instal\u00b7lar\u00e0 cap galeta al seu ordinador, per\u00f2 \u00e9s possible que alguna de les funcionalitats del web es vegi afectada.<\/p><p>Tamb\u00e9 pot permetre o bloquejar les galetes, aix\u00ed com esborrar les seves dades de navegaci\u00f3 (incloses les galetes) des del navegador que utilitza. Consulteu les opcions i instruccions que ofereix el seu navegador per a aix\u00f2. Recordeu que, si accepta les galetes de tercers, haur\u00e0 d&#8217;eliminar des de les opcions de navegador.<\/p><p>\u2022 <a style=\"color: #000; text-decoration: underline; display: inline-block;\" href=\"http:\/\/windows.microsoft.com\/ \u00e9s-ca \/ windows -vista \/ Block -or- allow -cookies\" target=\"_blank\" rel=\"noopener\">Microsoft Internet Explorer o Microsoft Edge<\/a><\/p><p>\u2022 <a style=\"color: #000; text-decoration: underline; display: inline-block;\" href=\"http:\/\/support.mozilla.org\/es\/kb\/impedir-que-los-sitios-web-guarden-sus-preferencia\" target=\"_blank\" rel=\"noopener\">Mozilla Firefox<\/a><\/p><p>\u2022 <a style=\"color: #000; text-decoration: underline; display: inline-block;\" href=\"https:\/\/support.google.com\/accounts\/answer\/61416?hl=es\" target=\"_blank\" rel=\"noopener\">Chrome<\/a><\/p><p>\u2022 <a style=\"color: #000; text-decoration: underline; display: inline-block;\" href=\"http:\/\/safari.helpmax.net\/es\/privacidad-y-seguridad\/como-gestionar-las-cookies\/\" target=\"_blank\" rel=\"noopener\">Safari<\/a><\/p><p>\u2022 <a style=\"color: #000; text-decoration: underline; display: inline-block;\" href=\"http:\/\/help.opera.com\/Linux\/10.60\/es-ES\/cookies.html\" target=\"_blank\" rel=\"noopener\">Opera<\/a><\/p>\t\t\t\t\t\t\t\t<\/div>\n\t\t\t\t<\/div>\n\t\t\t\t\t<\/div>\n\t\t<\/div>\n\t\t\t\t\t<\/div>\n\t\t<\/section>\n\t\t\t\t<\/div>\n\t\t\t\t<\/div>\n\t\t\t\t\t\t<\/div>\n\t\t\t\t<\/div>\n\t\t\t\t\t<\/div>\n\t\t<\/div>\n\t\t\t\t\t<\/div>\n\t\t<\/section>\n\t\t\t\t<\/div>\n\t\t","protected":false},"excerpt":{"rendered":"","protected":false},"author":1,"featured_media":0,"parent":0,"menu_order":0,"comment_status":"closed","ping_status":"closed","template":"elementor_header_footer","meta":{"inline_featured_image":false,"footnotes":""},"class_list":["post-4881","page","type-page","status-publish","hentry"],"yoast_head":"<!-- This site is optimized with the Yoast SEO plugin v27.3 - https:\/\/yoast.com\/product\/yoast-seo-wordpress\/ -->\n<title>COOKIES POLICY - Payet Vacances<\/title>\n<meta name=\"robots\" content=\"noindex, nofollow\" \/>\n<meta property=\"og:locale\" content=\"en_US\" \/>\n<meta property=\"og:type\" content=\"article\" \/>\n<meta property=\"og:title\" content=\"COOKIES POLICY - Payet Vacances\" \/>\n<meta property=\"og:url\" content=\"https:\/\/payetvacances.com\/en\/cookies-policy\/\" \/>\n<meta property=\"og:site_name\" content=\"Payet Vacances\" \/>\n<meta name=\"twitter:card\" content=\"summary_large_image\" \/>\n<script type=\"application\/ld+json\" class=\"yoast-schema-graph\">{\"@context\":\"https:\\\/\\\/schema.org\",\"@graph\":[{\"@type\":\"WebPage\",\"@id\":\"https:\\\/\\\/payetvacances.com\\\/en\\\/cookies-policy\\\/\",\"url\":\"https:\\\/\\\/payetvacances.com\\\/en\\\/cookies-policy\\\/\",\"name\":\"COOKIES POLICY - Payet Vacances\",\"isPartOf\":{\"@id\":\"https:\\\/\\\/payetvacances.com\\\/en\\\/#website\"},\"datePublished\":\"2023-12-12T17:44:48+00:00\",\"breadcrumb\":{\"@id\":\"https:\\\/\\\/payetvacances.com\\\/en\\\/cookies-policy\\\/#breadcrumb\"},\"inLanguage\":\"en-US\",\"potentialAction\":[{\"@type\":\"ReadAction\",\"target\":[\"https:\\\/\\\/payetvacances.com\\\/en\\\/cookies-policy\\\/\"]}]},{\"@type\":\"BreadcrumbList\",\"@id\":\"https:\\\/\\\/payetvacances.com\\\/en\\\/cookies-policy\\\/#breadcrumb\",\"itemListElement\":[{\"@type\":\"ListItem\",\"position\":1,\"name\":\"Inici\",\"item\":\"https:\\\/\\\/payetvacances.com\\\/en\\\/\"},{\"@type\":\"ListItem\",\"position\":2,\"name\":\"COOKIES POLICY\"}]},{\"@type\":\"WebSite\",\"@id\":\"https:\\\/\\\/payetvacances.com\\\/en\\\/#website\",\"url\":\"https:\\\/\\\/payetvacances.com\\\/en\\\/\",\"name\":\"Payet Vacances\",\"description\":\"Venda i lloguer de cases i apartaments a l&#039;Estartit i la Costa Brava\",\"publisher\":{\"@id\":\"https:\\\/\\\/payetvacances.com\\\/en\\\/#organization\"},\"potentialAction\":[{\"@type\":\"SearchAction\",\"target\":{\"@type\":\"EntryPoint\",\"urlTemplate\":\"https:\\\/\\\/payetvacances.com\\\/en\\\/?s={search_term_string}\"},\"query-input\":{\"@type\":\"PropertyValueSpecification\",\"valueRequired\":true,\"valueName\":\"search_term_string\"}}],\"inLanguage\":\"en-US\"},{\"@type\":\"Organization\",\"@id\":\"https:\\\/\\\/payetvacances.com\\\/en\\\/#organization\",\"name\":\"Payet Vacances\",\"alternateName\":\"Finques Payet\",\"url\":\"https:\\\/\\\/payetvacances.com\\\/en\\\/\",\"logo\":{\"@type\":\"ImageObject\",\"inLanguage\":\"en-US\",\"@id\":\"https:\\\/\\\/payetvacances.com\\\/en\\\/#\\\/schema\\\/logo\\\/image\\\/\",\"url\":\"https:\\\/\\\/payetvacances.com\\\/wp-content\\\/uploads\\\/2021\\\/04\\\/logo-vacances.svg\",\"contentUrl\":\"https:\\\/\\\/payetvacances.com\\\/wp-content\\\/uploads\\\/2021\\\/04\\\/logo-vacances.svg\",\"width\":\"1024\",\"height\":\"1024\",\"caption\":\"Payet Vacances\"},\"image\":{\"@id\":\"https:\\\/\\\/payetvacances.com\\\/en\\\/#\\\/schema\\\/logo\\\/image\\\/\"}}]}<\/script>\n<!-- \/ Yoast SEO plugin. -->","yoast_head_json":{"title":"COOKIES POLICY - Payet Vacances","robots":{"index":"noindex","follow":"nofollow"},"og_locale":"en_US","og_type":"article","og_title":"COOKIES POLICY - Payet Vacances","og_url":"https:\/\/payetvacances.com\/en\/cookies-policy\/","og_site_name":"Payet Vacances","twitter_card":"summary_large_image","schema":{"@context":"https:\/\/schema.org","@graph":[{"@type":"WebPage","@id":"https:\/\/payetvacances.com\/en\/cookies-policy\/","url":"https:\/\/payetvacances.com\/en\/cookies-policy\/","name":"COOKIES POLICY - Payet Vacances","isPartOf":{"@id":"https:\/\/payetvacances.com\/en\/#website"},"datePublished":"2023-12-12T17:44:48+00:00","breadcrumb":{"@id":"https:\/\/payetvacances.com\/en\/cookies-policy\/#breadcrumb"},"inLanguage":"en-US","potentialAction":[{"@type":"ReadAction","target":["https:\/\/payetvacances.com\/en\/cookies-policy\/"]}]},{"@type":"BreadcrumbList","@id":"https:\/\/payetvacances.com\/en\/cookies-policy\/#breadcrumb","itemListElement":[{"@type":"ListItem","position":1,"name":"Inici","item":"https:\/\/payetvacances.com\/en\/"},{"@type":"ListItem","position":2,"name":"COOKIES POLICY"}]},{"@type":"WebSite","@id":"https:\/\/payetvacances.com\/en\/#website","url":"https:\/\/payetvacances.com\/en\/","name":"Payet Vacances","description":"Venda i lloguer de cases i apartaments a l&#039;Estartit i la Costa Brava","publisher":{"@id":"https:\/\/payetvacances.com\/en\/#organization"},"potentialAction":[{"@type":"SearchAction","target":{"@type":"EntryPoint","urlTemplate":"https:\/\/payetvacances.com\/en\/?s={search_term_string}"},"query-input":{"@type":"PropertyValueSpecification","valueRequired":true,"valueName":"search_term_string"}}],"inLanguage":"en-US"},{"@type":"Organization","@id":"https:\/\/payetvacances.com\/en\/#organization","name":"Payet Vacances","alternateName":"Finques Payet","url":"https:\/\/payetvacances.com\/en\/","logo":{"@type":"ImageObject","inLanguage":"en-US","@id":"https:\/\/payetvacances.com\/en\/#\/schema\/logo\/image\/","url":"https:\/\/payetvacances.com\/wp-content\/uploads\/2021\/04\/logo-vacances.svg","contentUrl":"https:\/\/payetvacances.com\/wp-content\/uploads\/2021\/04\/logo-vacances.svg","width":"1024","height":"1024","caption":"Payet Vacances"},"image":{"@id":"https:\/\/payetvacances.com\/en\/#\/schema\/logo\/image\/"}}]}},"_links":{"self":[{"href":"https:\/\/payetvacances.com\/en\/wp-json\/wp\/v2\/pages\/4881","targetHints":{"allow":["GET"]}}],"collection":[{"href":"https:\/\/payetvacances.com\/en\/wp-json\/wp\/v2\/pages"}],"about":[{"href":"https:\/\/payetvacances.com\/en\/wp-json\/wp\/v2\/types\/page"}],"author":[{"embeddable":true,"href":"https:\/\/payetvacances.com\/en\/wp-json\/wp\/v2\/users\/1"}],"replies":[{"embeddable":true,"href":"https:\/\/payetvacances.com\/en\/wp-json\/wp\/v2\/comments?post=4881"}],"version-history":[{"count":1,"href":"https:\/\/payetvacances.com\/en\/wp-json\/wp\/v2\/pages\/4881\/revisions"}],"predecessor-version":[{"id":4882,"href":"https:\/\/payetvacances.com\/en\/wp-json\/wp\/v2\/pages\/4881\/revisions\/4882"}],"wp:attachment":[{"href":"https:\/\/payetvacances.com\/en\/wp-json\/wp\/v2\/media?parent=4881"}],"curies":[{"name":"wp","href":"https:\/\/api.w.org\/{rel}","templated":true}]}}